{"id":9288,"date":"2025-06-29T10:55:35","date_gmt":"2025-06-29T08:55:35","guid":{"rendered":"https:\/\/uj.adatbank.ro\/lexikon\/termek\/gyorffy-arpad\/"},"modified":"2025-06-29T10:55:35","modified_gmt":"2025-06-29T08:55:35","slug":"gyorffy-arpad","status":"publish","type":"product","link":"https:\/\/uj.adatbank.ro\/lexikon\/termek\/gyorffy-arpad\/","title":{"rendered":"GY\u00d6RFFY \u00c1rp\u00e1d"},"content":{"rendered":"<p>Zilah, 1909., \u2020\u00a0? : seg\u00e9djegyz\u0151, k\u00f6nyvel\u0151. \u2013 Tanulm\u00e1nyait Mv.-en v\u00e9gezte, majd k\u00f6zigazgat\u00e1si tanfolyamot \u00e9s mez\u0151gazdas\u00e1gi szakiskol\u00e1t v\u00e9gzett. Csombordon. Korondon volt gyakornok, majd Mv.-en \u00e1rvasz\u00e9ki \u00edrnok, Csittszentiv\u00e1nyon seg\u00e9djegyz\u0151 (1941\u2013). Az EGE tagja, a Hangya \u00fcgyvezet\u0151 k\u00f6nyvel\u0151je, a Tejsz\u00f6vetkezet \u00e9s a Gazdak\u00f6r tagja, a Gazd\u00e1k Bizt. Sz\u00f6vetkezet\u00e9nek k\u00f6nyvel\u0151je volt. <br \/><strong>Irod.:<\/strong> Sz\u00e9kelyf\u00f6ld \u00ed. k.<\/br><\/p>\n","protected":false},"excerpt":{"rendered":"<p>Zilah, 1909., \u2020\u00a0? : seg\u00e9djegyz\u0151, k\u00f6nyvel\u0151. \u2013 Tanulm\u00e1nyait Mv.-en v\u00e9gezte, majd k\u00f6zigazgat\u00e1si tanfolyamot \u00e9s mez\u0151gazdas\u00e1gi szakiskol\u00e1t v\u00e9gzett. Csombordon. Korondon volt gyakornok, majd Mv.-en \u00e1rvasz\u00e9ki \u00edrnok, Csittszentiv\u00e1nyon seg\u00e9djegyz\u0151 (1941\u2013). Az EGE tagja, a Hangya \u00fcgyvezet\u0151 k\u00f6nyvel\u0151je, a Tejsz\u00f6vetkezet \u00e9s a Gazdak\u00f6r tagja, a Gazd\u00e1k Bizt. Sz\u00f6vetkezet\u00e9nek k\u00f6nyvel\u0151je volt. Irod.: Sz\u00e9kelyf\u00f6ld \u00ed. k.<\/p>\n","protected":false},"featured_media":0,"comment_status":"open","ping_status":"closed","template":"","meta":[],"product_brand":[],"product_cat":[137],"product_tag":[],"class_list":{"0":"post-9288","1":"product","2":"type-product","3":"status-publish","5":"product_cat-maros-megyei-eletrajzi-lexikon","7":"first","8":"instock","9":"shipping-taxable","10":"product-type-simple"},"_links":{"self":[{"href":"https:\/\/uj.adatbank.ro\/lexikon\/wp-json\/wp\/v2\/product\/9288","targetHints":{"allow":["GET"]}}],"collection":[{"href":"https:\/\/uj.adatbank.ro\/lexikon\/wp-json\/wp\/v2\/product"}],"about":[{"href":"https:\/\/uj.adatbank.ro\/lexikon\/wp-json\/wp\/v2\/types\/product"}],"replies":[{"embeddable":true,"href":"https:\/\/uj.adatbank.ro\/lexikon\/wp-json\/wp\/v2\/comments?post=9288"}],"wp:attachment":[{"href":"https:\/\/uj.adatbank.ro\/lexikon\/wp-json\/wp\/v2\/media?parent=9288"}],"wp:term":[{"taxonomy":"product_brand","embeddable":true,"href":"https:\/\/uj.adatbank.ro\/lexikon\/wp-json\/wp\/v2\/product_brand?post=9288"},{"taxonomy":"product_cat","embeddable":true,"href":"https:\/\/uj.adatbank.ro\/lexikon\/wp-json\/wp\/v2\/product_cat?post=9288"},{"taxonomy":"product_tag","embeddable":true,"href":"https:\/\/uj.adatbank.ro\/lexikon\/wp-json\/wp\/v2\/product_tag?post=9288"}],"curies":[{"name":"wp","href":"https:\/\/api.w.org\/{rel}","templated":true}]}}