{"id":9291,"date":"2025-06-29T10:55:39","date_gmt":"2025-06-29T08:55:39","guid":{"rendered":"https:\/\/uj.adatbank.ro\/lexikon\/termek\/gyorffy-pal\/"},"modified":"2025-06-29T10:55:39","modified_gmt":"2025-06-29T08:55:39","slug":"gyorffy-pal","status":"publish","type":"product","link":"https:\/\/uj.adatbank.ro\/lexikon\/termek\/gyorffy-pal\/","title":{"rendered":"GY\u00d6RFFY P\u00e1l"},"content":{"rendered":"<p>Csittszentiv\u00e1ny, 1876., \u2020\u00a0? : tan\u00e1r. \u2013. Feles\u00e9ge Z\u00f6ld Piroska pedag\u00f3gus. \u2013 Tanulm\u00e1nyait a bp.-i Polg\u00e1riiskolai Tan\u00e1rk\u00e9pz\u0151ben fejezte be (1905). Zilahon hitoktat\u00f3, polg\u00e1riiskolai tan\u00e1r (1913), majd az \u00f3kir\u00e1lys\u00e1gban tan\u00edtott (\u20131935). A m. korm\u00e1ny a mv.-i polg\u00e1ri iskola \u00fajj\u00e1szervez\u00e9s\u00e9vel bizta meg (1940), igazgat\u00f3i min\u0151s\u00e9gben. A MP, a N\u00e9pk\u00f6z\u00f6ss\u00e9g \u00e9s a Kaszin\u00f3 tagja volt. A Zilahi A. Club titk\u00e1ra, a ref. dal\u00e1rda \u00e9s a dalk\u00f6r megszervez\u0151je \u00e9s a helyi beszerz\u00e9si csoport eln\u00f6ke. <br \/><strong>Irod.:<\/strong> Sz\u00e9kelyf\u00f6ld \u00ed. k.<\/br><\/p>\n","protected":false},"excerpt":{"rendered":"<p>Csittszentiv\u00e1ny, 1876., \u2020\u00a0? : tan\u00e1r. \u2013. Feles\u00e9ge Z\u00f6ld Piroska pedag\u00f3gus. \u2013 Tanulm\u00e1nyait a bp.-i Polg\u00e1riiskolai Tan\u00e1rk\u00e9pz\u0151ben fejezte be (1905). Zilahon hitoktat\u00f3, polg\u00e1riiskolai tan\u00e1r (1913), majd az \u00f3kir\u00e1lys\u00e1gban tan\u00edtott (\u20131935). A m. korm\u00e1ny a mv.-i polg\u00e1ri iskola \u00fajj\u00e1szervez\u00e9s\u00e9vel bizta meg (1940), igazgat\u00f3i min\u0151s\u00e9gben. A MP, a N\u00e9pk\u00f6z\u00f6ss\u00e9g \u00e9s a Kaszin\u00f3 tagja volt. A Zilahi A. Club [&hellip;]<\/p>\n","protected":false},"featured_media":0,"comment_status":"open","ping_status":"closed","template":"","meta":[],"product_brand":[],"product_cat":[137],"product_tag":[],"class_list":{"0":"post-9291","1":"product","2":"type-product","3":"status-publish","5":"product_cat-maros-megyei-eletrajzi-lexikon","7":"first","8":"instock","9":"shipping-taxable","10":"product-type-simple"},"_links":{"self":[{"href":"https:\/\/uj.adatbank.ro\/lexikon\/wp-json\/wp\/v2\/product\/9291","targetHints":{"allow":["GET"]}}],"collection":[{"href":"https:\/\/uj.adatbank.ro\/lexikon\/wp-json\/wp\/v2\/product"}],"about":[{"href":"https:\/\/uj.adatbank.ro\/lexikon\/wp-json\/wp\/v2\/types\/product"}],"replies":[{"embeddable":true,"href":"https:\/\/uj.adatbank.ro\/lexikon\/wp-json\/wp\/v2\/comments?post=9291"}],"wp:attachment":[{"href":"https:\/\/uj.adatbank.ro\/lexikon\/wp-json\/wp\/v2\/media?parent=9291"}],"wp:term":[{"taxonomy":"product_brand","embeddable":true,"href":"https:\/\/uj.adatbank.ro\/lexikon\/wp-json\/wp\/v2\/product_brand?post=9291"},{"taxonomy":"product_cat","embeddable":true,"href":"https:\/\/uj.adatbank.ro\/lexikon\/wp-json\/wp\/v2\/product_cat?post=9291"},{"taxonomy":"product_tag","embeddable":true,"href":"https:\/\/uj.adatbank.ro\/lexikon\/wp-json\/wp\/v2\/product_tag?post=9291"}],"curies":[{"name":"wp","href":"https:\/\/api.w.org\/{rel}","templated":true}]}}