{"id":9293,"date":"2025-06-29T10:55:43","date_gmt":"2025-06-29T08:55:43","guid":{"rendered":"https:\/\/uj.adatbank.ro\/lexikon\/termek\/gyorffy-pal-lozsadi-br\/"},"modified":"2025-06-29T10:55:43","modified_gmt":"2025-06-29T08:55:43","slug":"gyorffy-pal-lozsadi-br","status":"publish","type":"product","link":"https:\/\/uj.adatbank.ro\/lexikon\/termek\/gyorffy-pal-lozsadi-br\/","title":{"rendered":"GY\u00d6RFFY P\u00e1l, lozs\u00e1di br."},"content":{"rendered":"<p>1793, \u2020\u00a01871: ref. f\u0151gondnok. \u2013 Gy. J\u00f3zsef \u00e9s Ugron M\u00e1ria fia. A d\u00e9sfalvi ekl\u00e9zsia f\u0151gondnoka volt (1861). <br \/><strong>Irod.:<\/strong> K\u00fck\u00fcll\u0151i Ref. Egyh\u00e1zm. 2.<\/br><\/p>\n","protected":false},"excerpt":{"rendered":"<p>1793, \u2020\u00a01871: ref. f\u0151gondnok. \u2013 Gy. J\u00f3zsef \u00e9s Ugron M\u00e1ria fia. A d\u00e9sfalvi ekl\u00e9zsia f\u0151gondnoka volt (1861). Irod.: K\u00fck\u00fcll\u0151i Ref. Egyh\u00e1zm. 2.<\/p>\n","protected":false},"featured_media":0,"comment_status":"open","ping_status":"closed","template":"","meta":[],"product_brand":[],"product_cat":[137],"product_tag":[],"class_list":{"0":"post-9293","1":"product","2":"type-product","3":"status-publish","5":"product_cat-maros-megyei-eletrajzi-lexikon","7":"first","8":"instock","9":"shipping-taxable","10":"product-type-simple"},"_links":{"self":[{"href":"https:\/\/uj.adatbank.ro\/lexikon\/wp-json\/wp\/v2\/product\/9293","targetHints":{"allow":["GET"]}}],"collection":[{"href":"https:\/\/uj.adatbank.ro\/lexikon\/wp-json\/wp\/v2\/product"}],"about":[{"href":"https:\/\/uj.adatbank.ro\/lexikon\/wp-json\/wp\/v2\/types\/product"}],"replies":[{"embeddable":true,"href":"https:\/\/uj.adatbank.ro\/lexikon\/wp-json\/wp\/v2\/comments?post=9293"}],"wp:attachment":[{"href":"https:\/\/uj.adatbank.ro\/lexikon\/wp-json\/wp\/v2\/media?parent=9293"}],"wp:term":[{"taxonomy":"product_brand","embeddable":true,"href":"https:\/\/uj.adatbank.ro\/lexikon\/wp-json\/wp\/v2\/product_brand?post=9293"},{"taxonomy":"product_cat","embeddable":true,"href":"https:\/\/uj.adatbank.ro\/lexikon\/wp-json\/wp\/v2\/product_cat?post=9293"},{"taxonomy":"product_tag","embeddable":true,"href":"https:\/\/uj.adatbank.ro\/lexikon\/wp-json\/wp\/v2\/product_tag?post=9293"}],"curies":[{"name":"wp","href":"https:\/\/api.w.org\/{rel}","templated":true}]}}