{"id":9294,"date":"2025-06-29T10:55:45","date_gmt":"2025-06-29T08:55:45","guid":{"rendered":"https:\/\/uj.adatbank.ro\/lexikon\/termek\/gyorffy-peter\/"},"modified":"2025-06-29T10:55:45","modified_gmt":"2025-06-29T08:55:45","slug":"gyorffy-peter","status":"publish","type":"product","link":"https:\/\/uj.adatbank.ro\/lexikon\/termek\/gyorffy-peter\/","title":{"rendered":"GY\u00d6RFFY P\u00e9ter"},"content":{"rendered":"<p>Mv., 1938. aug. 5. \u2020\u00a0Mv., 2013.: orvos. \u2013 \u00d6ccse: Zolt\u00e1n (\u2020). Feles\u00e9ge: Pusk\u00e1s Ilona, eg\u00e9szs\u00e9g\u00fcgyi asszisztens (\u2020 Washington). Gyermekeik: Erika, Zolt\u00e1n-Csaba. \u2013 A Bolyai Farkas L\u00edc.-ban \u00e9retts\u00e9gizett (1955), Mv.-en v\u00e9gezte az orvosi egyetemet is (1961). Borsz\u00e9ken dolgozik h\u00e1rom \u00e9vet. Marosh\u00e9v\u00edzen egy \u00e9vig rajoni f\u0151orvos. Cs\u00edkszered\u00e1ban k\u00f3rboncnok. Versenyvizsga ut\u00e1n t\u00f6rv\u00e9nysz\u00e9ki alorvos, majd szakorvos. Amerik\u00e1ba az AE\u00c1-ba, Washington mellett telepedtek le (1977), alorvos. Belgy\u00f3gy\u00e1szati \u00e9s reamin\u00e1ttori szakvizsga ut\u00e1n mag\u00e1nrendel\u0151j\u00e9ben dolgozott nyugd\u00edjaz\u00e1s\u00e1ig. Egyes\u00fcletet hoztak l\u00e9tre, \u00ab Kultur\u00e1lis Alap\u00edtv\u00e1ny Erd\u00e9ly\u00e9rt\u00a0\u00bb, melynek c\u00e9lja az erd\u00e9lyi kultur\u00e1lis tev\u00e9kenys\u00e9g t\u00e1mogat\u00e1sa \u00e9s e kult\u00fara megismertet\u00e9se k\u00fclf\u00f6ld\u00f6n. Mv.-en l\u00e9trehozt\u00e1k a \u00ab Bay Zolt\u00e1n\u00a0\u00ab angol nyelv\u0171 k\u00f6nyvt\u00e1rat, 15 \u00e9vig m\u0171k\u00f6dtett\u00e9k. \u00ab Gy\u00f6rffy Zolt\u00e1n\u00a0\u00ab d\u00edjat alap\u00edtottak, amivel \u00e9vente jutalmazz\u00e1k a Bolyai l\u00edc. 3 legjobb tanul\u00f3j\u00e1t. <br \/><strong>Irod.:<\/strong> B\u00e9rczes Judit; Kiss\u2013P\u00e9terffy\u2013P\u00e9terffy<\/br><\/p>\n","protected":false},"excerpt":{"rendered":"<p>Mv., 1938. aug. 5. \u2020\u00a0Mv., 2013.: orvos. \u2013 \u00d6ccse: Zolt\u00e1n (\u2020). Feles\u00e9ge: Pusk\u00e1s Ilona, eg\u00e9szs\u00e9g\u00fcgyi asszisztens (\u2020 Washington). Gyermekeik: Erika, Zolt\u00e1n-Csaba. \u2013 A Bolyai Farkas L\u00edc.-ban \u00e9retts\u00e9gizett (1955), Mv.-en v\u00e9gezte az orvosi egyetemet is (1961). Borsz\u00e9ken dolgozik h\u00e1rom \u00e9vet. Marosh\u00e9v\u00edzen egy \u00e9vig rajoni f\u0151orvos. Cs\u00edkszered\u00e1ban k\u00f3rboncnok. Versenyvizsga ut\u00e1n t\u00f6rv\u00e9nysz\u00e9ki alorvos, majd szakorvos. Amerik\u00e1ba az AE\u00c1-ba, [&hellip;]<\/p>\n","protected":false},"featured_media":0,"comment_status":"open","ping_status":"closed","template":"","meta":[],"product_brand":[],"product_cat":[137],"product_tag":[],"class_list":{"0":"post-9294","1":"product","2":"type-product","3":"status-publish","5":"product_cat-maros-megyei-eletrajzi-lexikon","7":"first","8":"instock","9":"shipping-taxable","10":"product-type-simple"},"_links":{"self":[{"href":"https:\/\/uj.adatbank.ro\/lexikon\/wp-json\/wp\/v2\/product\/9294","targetHints":{"allow":["GET"]}}],"collection":[{"href":"https:\/\/uj.adatbank.ro\/lexikon\/wp-json\/wp\/v2\/product"}],"about":[{"href":"https:\/\/uj.adatbank.ro\/lexikon\/wp-json\/wp\/v2\/types\/product"}],"replies":[{"embeddable":true,"href":"https:\/\/uj.adatbank.ro\/lexikon\/wp-json\/wp\/v2\/comments?post=9294"}],"wp:attachment":[{"href":"https:\/\/uj.adatbank.ro\/lexikon\/wp-json\/wp\/v2\/media?parent=9294"}],"wp:term":[{"taxonomy":"product_brand","embeddable":true,"href":"https:\/\/uj.adatbank.ro\/lexikon\/wp-json\/wp\/v2\/product_brand?post=9294"},{"taxonomy":"product_cat","embeddable":true,"href":"https:\/\/uj.adatbank.ro\/lexikon\/wp-json\/wp\/v2\/product_cat?post=9294"},{"taxonomy":"product_tag","embeddable":true,"href":"https:\/\/uj.adatbank.ro\/lexikon\/wp-json\/wp\/v2\/product_tag?post=9294"}],"curies":[{"name":"wp","href":"https:\/\/api.w.org\/{rel}","templated":true}]}}