{"id":9297,"date":"2025-06-29T10:55:49","date_gmt":"2025-06-29T08:55:49","guid":{"rendered":"https:\/\/uj.adatbank.ro\/lexikon\/termek\/gyorfi-anrdas\/"},"modified":"2025-06-29T10:55:49","modified_gmt":"2025-06-29T08:55:49","slug":"gyorfi-anrdas","status":"publish","type":"product","link":"https:\/\/uj.adatbank.ro\/lexikon\/termek\/gyorfi-anrdas\/","title":{"rendered":"GY\u00d6RFI Anrd\u00e1s"},"content":{"rendered":"<p>Gyergy\u00f3szentmikl\u00f3s, ? \u2020\u00a01778. jan. 3.: r. k. pap. \u2013 Cs\u00edksomly\u00f3n, Kv.-on \u00e9s Gyulafeh\u00e9rv\u00e1ron tanult. Pl\u00e9b\u00e1nos \u00e9s ker\u00fcleti jegyz\u0151 Nagyerny\u00e9n (1757), Ny\u00e1r\u00e1dk\u00f6szv\u00e9nyesen (1765\u201370), Sz\u00e1rhegyen (1773 v. 1769?). <br \/><strong>Irod.:<\/strong> Ferenczi S\u00e1ndor 2009<\/br><\/p>\n","protected":false},"excerpt":{"rendered":"<p>Gyergy\u00f3szentmikl\u00f3s, ? \u2020\u00a01778. jan. 3.: r. k. pap. \u2013 Cs\u00edksomly\u00f3n, Kv.-on \u00e9s Gyulafeh\u00e9rv\u00e1ron tanult. Pl\u00e9b\u00e1nos \u00e9s ker\u00fcleti jegyz\u0151 Nagyerny\u00e9n (1757), Ny\u00e1r\u00e1dk\u00f6szv\u00e9nyesen (1765\u201370), Sz\u00e1rhegyen (1773 v. 1769?). Irod.: Ferenczi S\u00e1ndor 2009<\/p>\n","protected":false},"featured_media":0,"comment_status":"open","ping_status":"closed","template":"","meta":[],"product_brand":[],"product_cat":[137],"product_tag":[],"class_list":{"0":"post-9297","1":"product","2":"type-product","3":"status-publish","5":"product_cat-maros-megyei-eletrajzi-lexikon","7":"first","8":"instock","9":"shipping-taxable","10":"product-type-simple"},"_links":{"self":[{"href":"https:\/\/uj.adatbank.ro\/lexikon\/wp-json\/wp\/v2\/product\/9297","targetHints":{"allow":["GET"]}}],"collection":[{"href":"https:\/\/uj.adatbank.ro\/lexikon\/wp-json\/wp\/v2\/product"}],"about":[{"href":"https:\/\/uj.adatbank.ro\/lexikon\/wp-json\/wp\/v2\/types\/product"}],"replies":[{"embeddable":true,"href":"https:\/\/uj.adatbank.ro\/lexikon\/wp-json\/wp\/v2\/comments?post=9297"}],"wp:attachment":[{"href":"https:\/\/uj.adatbank.ro\/lexikon\/wp-json\/wp\/v2\/media?parent=9297"}],"wp:term":[{"taxonomy":"product_brand","embeddable":true,"href":"https:\/\/uj.adatbank.ro\/lexikon\/wp-json\/wp\/v2\/product_brand?post=9297"},{"taxonomy":"product_cat","embeddable":true,"href":"https:\/\/uj.adatbank.ro\/lexikon\/wp-json\/wp\/v2\/product_cat?post=9297"},{"taxonomy":"product_tag","embeddable":true,"href":"https:\/\/uj.adatbank.ro\/lexikon\/wp-json\/wp\/v2\/product_tag?post=9297"}],"curies":[{"name":"wp","href":"https:\/\/api.w.org\/{rel}","templated":true}]}}