{"id":9298,"date":"2025-06-29T10:55:51","date_gmt":"2025-06-29T08:55:51","guid":{"rendered":"https:\/\/uj.adatbank.ro\/lexikon\/termek\/gyorfi-balas-kebelei\/"},"modified":"2025-06-29T10:55:51","modified_gmt":"2025-06-29T08:55:51","slug":"gyorfi-balas-kebelei","status":"publish","type":"product","link":"https:\/\/uj.adatbank.ro\/lexikon\/termek\/gyorfi-balas-kebelei\/","title":{"rendered":"GY\u0150RFI Bal\u00e1s, kebelei"},"content":{"rendered":"<p>? \u2020\u00a0? : primipill\u00e1tus. \u2013 Az it\u00e9let-lev\u00e9l szerint primipilatussal birt (1579). <br \/><strong>Irod.:<\/strong> Kempelen; Nagy Iv\u00e1n; P\u00e1lmay<\/br><\/p>\n","protected":false},"excerpt":{"rendered":"<p>? \u2020\u00a0? : primipill\u00e1tus. \u2013 Az it\u00e9let-lev\u00e9l szerint primipilatussal birt (1579). Irod.: Kempelen; Nagy Iv\u00e1n; P\u00e1lmay<\/p>\n","protected":false},"featured_media":0,"comment_status":"open","ping_status":"closed","template":"","meta":[],"product_brand":[],"product_cat":[137],"product_tag":[],"class_list":{"0":"post-9298","1":"product","2":"type-product","3":"status-publish","5":"product_cat-maros-megyei-eletrajzi-lexikon","7":"first","8":"instock","9":"shipping-taxable","10":"product-type-simple"},"_links":{"self":[{"href":"https:\/\/uj.adatbank.ro\/lexikon\/wp-json\/wp\/v2\/product\/9298","targetHints":{"allow":["GET"]}}],"collection":[{"href":"https:\/\/uj.adatbank.ro\/lexikon\/wp-json\/wp\/v2\/product"}],"about":[{"href":"https:\/\/uj.adatbank.ro\/lexikon\/wp-json\/wp\/v2\/types\/product"}],"replies":[{"embeddable":true,"href":"https:\/\/uj.adatbank.ro\/lexikon\/wp-json\/wp\/v2\/comments?post=9298"}],"wp:attachment":[{"href":"https:\/\/uj.adatbank.ro\/lexikon\/wp-json\/wp\/v2\/media?parent=9298"}],"wp:term":[{"taxonomy":"product_brand","embeddable":true,"href":"https:\/\/uj.adatbank.ro\/lexikon\/wp-json\/wp\/v2\/product_brand?post=9298"},{"taxonomy":"product_cat","embeddable":true,"href":"https:\/\/uj.adatbank.ro\/lexikon\/wp-json\/wp\/v2\/product_cat?post=9298"},{"taxonomy":"product_tag","embeddable":true,"href":"https:\/\/uj.adatbank.ro\/lexikon\/wp-json\/wp\/v2\/product_tag?post=9298"}],"curies":[{"name":"wp","href":"https:\/\/api.w.org\/{rel}","templated":true}]}}