{"id":9302,"date":"2025-06-29T10:56:00","date_gmt":"2025-06-29T08:56:00","guid":{"rendered":"https:\/\/uj.adatbank.ro\/lexikon\/termek\/gyorfi-istvan\/"},"modified":"2025-06-29T10:56:00","modified_gmt":"2025-06-29T08:56:00","slug":"gyorfi-istvan","status":"publish","type":"product","link":"https:\/\/uj.adatbank.ro\/lexikon\/termek\/gyorfi-istvan\/","title":{"rendered":"GY\u0150RFI Istv\u00e1n"},"content":{"rendered":"<p>? \u2020 ? : ref. pap. \u2013 Vadasdon szolg\u00e1lt (1776\u201379). K\u00e9t darab r\u00e9tet adom\u00e1nyozott papi haszn\u00e1latra (1785). <br \/><strong>Irod.:<\/strong> Vadasdi kr\u00f3nika<\/br><\/p>\n","protected":false},"excerpt":{"rendered":"<p>? \u2020 ? : ref. pap. \u2013 Vadasdon szolg\u00e1lt (1776\u201379). K\u00e9t darab r\u00e9tet adom\u00e1nyozott papi haszn\u00e1latra (1785). Irod.: Vadasdi kr\u00f3nika<\/p>\n","protected":false},"featured_media":0,"comment_status":"open","ping_status":"closed","template":"","meta":[],"product_brand":[],"product_cat":[137],"product_tag":[],"class_list":{"0":"post-9302","1":"product","2":"type-product","3":"status-publish","5":"product_cat-maros-megyei-eletrajzi-lexikon","7":"first","8":"instock","9":"shipping-taxable","10":"product-type-simple"},"_links":{"self":[{"href":"https:\/\/uj.adatbank.ro\/lexikon\/wp-json\/wp\/v2\/product\/9302","targetHints":{"allow":["GET"]}}],"collection":[{"href":"https:\/\/uj.adatbank.ro\/lexikon\/wp-json\/wp\/v2\/product"}],"about":[{"href":"https:\/\/uj.adatbank.ro\/lexikon\/wp-json\/wp\/v2\/types\/product"}],"replies":[{"embeddable":true,"href":"https:\/\/uj.adatbank.ro\/lexikon\/wp-json\/wp\/v2\/comments?post=9302"}],"wp:attachment":[{"href":"https:\/\/uj.adatbank.ro\/lexikon\/wp-json\/wp\/v2\/media?parent=9302"}],"wp:term":[{"taxonomy":"product_brand","embeddable":true,"href":"https:\/\/uj.adatbank.ro\/lexikon\/wp-json\/wp\/v2\/product_brand?post=9302"},{"taxonomy":"product_cat","embeddable":true,"href":"https:\/\/uj.adatbank.ro\/lexikon\/wp-json\/wp\/v2\/product_cat?post=9302"},{"taxonomy":"product_tag","embeddable":true,"href":"https:\/\/uj.adatbank.ro\/lexikon\/wp-json\/wp\/v2\/product_tag?post=9302"}],"curies":[{"name":"wp","href":"https:\/\/api.w.org\/{rel}","templated":true}]}}