{"id":9304,"date":"2025-06-29T10:56:04","date_gmt":"2025-06-29T08:56:04","guid":{"rendered":"https:\/\/uj.adatbank.ro\/lexikon\/termek\/gyorfi-istvan-3\/"},"modified":"2025-06-29T10:56:04","modified_gmt":"2025-06-29T08:56:04","slug":"gyorfi-istvan-3","status":"publish","type":"product","link":"https:\/\/uj.adatbank.ro\/lexikon\/termek\/gyorfi-istvan-3\/","title":{"rendered":"GY\u0150RFI Istv\u00e1n"},"content":{"rendered":"<p>Radn\u00f3tf\u00e1ja, 1907. m\u00e1rc. 8., \u2020 Mv., ?: szersz\u00e1mlakatos. \u2013 Letart\u00f3ztatt\u00e1k (1958. \u00e1pr. 9.) s azzal a v\u00e1ddal \u00e1ll\u00edtott\u00e1k b\u00edr\u00f3s\u00e1g el\u00e9, hogy \u0151 volt \u00bbaz RMP K\u00f6zponti Bizotts\u00e1g\u00e1hoz, a Nagy Nemzetgy\u0171l\u00e9shez \u00e9s a buk.-i m. k\u00f6vets\u00e9ghez 1956-ban k\u00fcld\u00f6tt ellenforralmi tartalm\u00fa n\u00e9vtelen levelek\u00a0szerz\u0151je. 10 \u00e9vre \u00edt\u00e9ltr\u00e9k (1963. jan. 15-\u00e9n szabadult). <br \/><strong>Irod.:<\/strong> 1956 Erd\u00e9lyben<\/br><\/p>\n","protected":false},"excerpt":{"rendered":"<p>Radn\u00f3tf\u00e1ja, 1907. m\u00e1rc. 8., \u2020 Mv., ?: szersz\u00e1mlakatos. \u2013 Letart\u00f3ztatt\u00e1k (1958. \u00e1pr. 9.) s azzal a v\u00e1ddal \u00e1ll\u00edtott\u00e1k b\u00edr\u00f3s\u00e1g el\u00e9, hogy \u0151 volt \u00bbaz RMP K\u00f6zponti Bizotts\u00e1g\u00e1hoz, a Nagy Nemzetgy\u0171l\u00e9shez \u00e9s a buk.-i m. k\u00f6vets\u00e9ghez 1956-ban k\u00fcld\u00f6tt ellenforralmi tartalm\u00fa n\u00e9vtelen levelek\u00a0szerz\u0151je. 10 \u00e9vre \u00edt\u00e9ltr\u00e9k (1963. jan. 15-\u00e9n szabadult). Irod.: 1956 Erd\u00e9lyben<\/p>\n","protected":false},"featured_media":0,"comment_status":"open","ping_status":"closed","template":"","meta":[],"product_brand":[],"product_cat":[137],"product_tag":[],"class_list":{"0":"post-9304","1":"product","2":"type-product","3":"status-publish","5":"product_cat-maros-megyei-eletrajzi-lexikon","7":"first","8":"instock","9":"shipping-taxable","10":"product-type-simple"},"_links":{"self":[{"href":"https:\/\/uj.adatbank.ro\/lexikon\/wp-json\/wp\/v2\/product\/9304","targetHints":{"allow":["GET"]}}],"collection":[{"href":"https:\/\/uj.adatbank.ro\/lexikon\/wp-json\/wp\/v2\/product"}],"about":[{"href":"https:\/\/uj.adatbank.ro\/lexikon\/wp-json\/wp\/v2\/types\/product"}],"replies":[{"embeddable":true,"href":"https:\/\/uj.adatbank.ro\/lexikon\/wp-json\/wp\/v2\/comments?post=9304"}],"wp:attachment":[{"href":"https:\/\/uj.adatbank.ro\/lexikon\/wp-json\/wp\/v2\/media?parent=9304"}],"wp:term":[{"taxonomy":"product_brand","embeddable":true,"href":"https:\/\/uj.adatbank.ro\/lexikon\/wp-json\/wp\/v2\/product_brand?post=9304"},{"taxonomy":"product_cat","embeddable":true,"href":"https:\/\/uj.adatbank.ro\/lexikon\/wp-json\/wp\/v2\/product_cat?post=9304"},{"taxonomy":"product_tag","embeddable":true,"href":"https:\/\/uj.adatbank.ro\/lexikon\/wp-json\/wp\/v2\/product_tag?post=9304"}],"curies":[{"name":"wp","href":"https:\/\/api.w.org\/{rel}","templated":true}]}}