{"id":9306,"date":"2025-06-29T10:56:08","date_gmt":"2025-06-29T08:56:08","guid":{"rendered":"https:\/\/uj.adatbank.ro\/lexikon\/termek\/gyorfi-istvan-vadasdi\/"},"modified":"2025-06-29T10:56:08","modified_gmt":"2025-06-29T08:56:08","slug":"gyorfi-istvan-vadasdi","status":"publish","type":"product","link":"https:\/\/uj.adatbank.ro\/lexikon\/termek\/gyorfi-istvan-vadasdi\/","title":{"rendered":"GY\u0150RFI Istv\u00e1n, vadasdi"},"content":{"rendered":"<p>? \u2020\u00a0? : pixidi\u00e1rius. \u2013 Pixid\u00e1riusi levelet (gyalogoss\u00e1g) nyert B\u00e1thory G\u00e1bort\u00f3l (1608. j\u00fan 10.). <br \/><strong>Irod.:<\/strong> Kempelen; P\u00e1lmay<\/br><\/p>\n","protected":false},"excerpt":{"rendered":"<p>? \u2020\u00a0? : pixidi\u00e1rius. \u2013 Pixid\u00e1riusi levelet (gyalogoss\u00e1g) nyert B\u00e1thory G\u00e1bort\u00f3l (1608. j\u00fan 10.). Irod.: Kempelen; P\u00e1lmay<\/p>\n","protected":false},"featured_media":0,"comment_status":"open","ping_status":"closed","template":"","meta":[],"product_brand":[],"product_cat":[137],"product_tag":[],"class_list":{"0":"post-9306","1":"product","2":"type-product","3":"status-publish","5":"product_cat-maros-megyei-eletrajzi-lexikon","7":"first","8":"instock","9":"shipping-taxable","10":"product-type-simple"},"_links":{"self":[{"href":"https:\/\/uj.adatbank.ro\/lexikon\/wp-json\/wp\/v2\/product\/9306","targetHints":{"allow":["GET"]}}],"collection":[{"href":"https:\/\/uj.adatbank.ro\/lexikon\/wp-json\/wp\/v2\/product"}],"about":[{"href":"https:\/\/uj.adatbank.ro\/lexikon\/wp-json\/wp\/v2\/types\/product"}],"replies":[{"embeddable":true,"href":"https:\/\/uj.adatbank.ro\/lexikon\/wp-json\/wp\/v2\/comments?post=9306"}],"wp:attachment":[{"href":"https:\/\/uj.adatbank.ro\/lexikon\/wp-json\/wp\/v2\/media?parent=9306"}],"wp:term":[{"taxonomy":"product_brand","embeddable":true,"href":"https:\/\/uj.adatbank.ro\/lexikon\/wp-json\/wp\/v2\/product_brand?post=9306"},{"taxonomy":"product_cat","embeddable":true,"href":"https:\/\/uj.adatbank.ro\/lexikon\/wp-json\/wp\/v2\/product_cat?post=9306"},{"taxonomy":"product_tag","embeddable":true,"href":"https:\/\/uj.adatbank.ro\/lexikon\/wp-json\/wp\/v2\/product_tag?post=9306"}],"curies":[{"name":"wp","href":"https:\/\/api.w.org\/{rel}","templated":true}]}}