{"id":9307,"date":"2025-06-29T10:56:10","date_gmt":"2025-06-29T08:56:10","guid":{"rendered":"https:\/\/uj.adatbank.ro\/lexikon\/termek\/gyorfi-jozsef\/"},"modified":"2025-06-29T10:56:10","modified_gmt":"2025-06-29T08:56:10","slug":"gyorfi-jozsef","status":"publish","type":"product","link":"https:\/\/uj.adatbank.ro\/lexikon\/termek\/gyorfi-jozsef\/","title":{"rendered":"GY\u0150RFI J\u00f3zsef"},"content":{"rendered":"<p>Ny\u00e1r\u00e1dmagyar\u00f3s, 1917. aug. 11., \u2020 Kos\u00f3w, 1944. j\u00fan. 27.: honv\u00e9d. \u2013 A 27\/III. z\u00e1szl\u00f3aljban tartal\u00e9kos honv\u00e9d. Akn\u00e1t\u00f3l koponyat\u00f6r\u00e9st szenvedett. Temetve a Horod melletti temet\u0151ben. <br \/><strong>Irod.:<\/strong> Berekm\u00e9ri 2015<\/br><\/p>\n","protected":false},"excerpt":{"rendered":"<p>Ny\u00e1r\u00e1dmagyar\u00f3s, 1917. aug. 11., \u2020 Kos\u00f3w, 1944. j\u00fan. 27.: honv\u00e9d. \u2013 A 27\/III. z\u00e1szl\u00f3aljban tartal\u00e9kos honv\u00e9d. Akn\u00e1t\u00f3l koponyat\u00f6r\u00e9st szenvedett. Temetve a Horod melletti temet\u0151ben. Irod.: Berekm\u00e9ri 2015<\/p>\n","protected":false},"featured_media":0,"comment_status":"open","ping_status":"closed","template":"","meta":[],"product_brand":[],"product_cat":[137],"product_tag":[],"class_list":{"0":"post-9307","1":"product","2":"type-product","3":"status-publish","5":"product_cat-maros-megyei-eletrajzi-lexikon","7":"first","8":"instock","9":"shipping-taxable","10":"product-type-simple"},"_links":{"self":[{"href":"https:\/\/uj.adatbank.ro\/lexikon\/wp-json\/wp\/v2\/product\/9307","targetHints":{"allow":["GET"]}}],"collection":[{"href":"https:\/\/uj.adatbank.ro\/lexikon\/wp-json\/wp\/v2\/product"}],"about":[{"href":"https:\/\/uj.adatbank.ro\/lexikon\/wp-json\/wp\/v2\/types\/product"}],"replies":[{"embeddable":true,"href":"https:\/\/uj.adatbank.ro\/lexikon\/wp-json\/wp\/v2\/comments?post=9307"}],"wp:attachment":[{"href":"https:\/\/uj.adatbank.ro\/lexikon\/wp-json\/wp\/v2\/media?parent=9307"}],"wp:term":[{"taxonomy":"product_brand","embeddable":true,"href":"https:\/\/uj.adatbank.ro\/lexikon\/wp-json\/wp\/v2\/product_brand?post=9307"},{"taxonomy":"product_cat","embeddable":true,"href":"https:\/\/uj.adatbank.ro\/lexikon\/wp-json\/wp\/v2\/product_cat?post=9307"},{"taxonomy":"product_tag","embeddable":true,"href":"https:\/\/uj.adatbank.ro\/lexikon\/wp-json\/wp\/v2\/product_tag?post=9307"}],"curies":[{"name":"wp","href":"https:\/\/api.w.org\/{rel}","templated":true}]}}