{"id":9313,"date":"2025-06-29T10:56:21","date_gmt":"2025-06-29T08:56:21","guid":{"rendered":"https:\/\/uj.adatbank.ro\/lexikon\/termek\/gyorfi-sandor-gyorffi-sandor\/"},"modified":"2025-06-29T10:56:21","modified_gmt":"2025-06-29T08:56:21","slug":"gyorfi-sandor-gyorffi-sandor","status":"publish","type":"product","link":"https:\/\/uj.adatbank.ro\/lexikon\/termek\/gyorfi-sandor-gyorffi-sandor\/","title":{"rendered":"GY\u00d6RFI S\u00e1ndor, Gy\u00f6rffi S\u00e1ndor"},"content":{"rendered":"<p>Kiskad\u00e1cs, 1824 k.., \u2020 Szenth\u00e1roms\u00e1g, 1885. m\u00e1rc. 12.: unit. lelk\u00e9sz, k\u00f6z\u00fcgyigazgat\u00f3. \u2013 Apja Gy. S\u00e1ndor, unit lelk\u00e9sz volt Hormor\u00f3dszentm\u00e1rtonban, Datkon, Kad\u00e1cson, majd Szenth\u00e1roms\u00e1gon. \u2013 Szenth\u00e1roms\u00e1gon (1831\u2013), majd Kv.-on tanult. Szenth\u00e1roms\u00e1gon \u00e9desapja mellett volt unit. seg\u00e9dlelk\u00e9sz (1847\u201358), majd lelk\u00e9sz hal\u00e1l\u00e1ig \u00e9s tan\u00edt\u00f3 (1858\u201385). Versbe szedte az 1858, 1877, 1882 \u00e9vekbeli borzalmas t\u0171zeseteket. Kelemen Istv\u00e1n k\u00e9rte fel a Kriza J\u00e1nos Vadr\u00f3zs\u00e1k gy\u0171jt\u00e9s\u00e9ben val\u00f3 r\u00e9szv\u00e9telre (1862). <br \/><strong>Irod.:<\/strong> B\u00e9rczes Judit; Kriza levelez\u00e9s; Szenth\u00e1roms\u00e1g<\/br><\/p>\n","protected":false},"excerpt":{"rendered":"<p>Kiskad\u00e1cs, 1824 k.., \u2020 Szenth\u00e1roms\u00e1g, 1885. m\u00e1rc. 12.: unit. lelk\u00e9sz, k\u00f6z\u00fcgyigazgat\u00f3. \u2013 Apja Gy. S\u00e1ndor, unit lelk\u00e9sz volt Hormor\u00f3dszentm\u00e1rtonban, Datkon, Kad\u00e1cson, majd Szenth\u00e1roms\u00e1gon. \u2013 Szenth\u00e1roms\u00e1gon (1831\u2013), majd Kv.-on tanult. Szenth\u00e1roms\u00e1gon \u00e9desapja mellett volt unit. seg\u00e9dlelk\u00e9sz (1847\u201358), majd lelk\u00e9sz hal\u00e1l\u00e1ig \u00e9s tan\u00edt\u00f3 (1858\u201385). Versbe szedte az 1858, 1877, 1882 \u00e9vekbeli borzalmas t\u0171zeseteket. Kelemen Istv\u00e1n k\u00e9rte fel [&hellip;]<\/p>\n","protected":false},"featured_media":0,"comment_status":"open","ping_status":"closed","template":"","meta":[],"product_brand":[],"product_cat":[137],"product_tag":[],"class_list":{"0":"post-9313","1":"product","2":"type-product","3":"status-publish","5":"product_cat-maros-megyei-eletrajzi-lexikon","7":"first","8":"instock","9":"shipping-taxable","10":"product-type-simple"},"_links":{"self":[{"href":"https:\/\/uj.adatbank.ro\/lexikon\/wp-json\/wp\/v2\/product\/9313","targetHints":{"allow":["GET"]}}],"collection":[{"href":"https:\/\/uj.adatbank.ro\/lexikon\/wp-json\/wp\/v2\/product"}],"about":[{"href":"https:\/\/uj.adatbank.ro\/lexikon\/wp-json\/wp\/v2\/types\/product"}],"replies":[{"embeddable":true,"href":"https:\/\/uj.adatbank.ro\/lexikon\/wp-json\/wp\/v2\/comments?post=9313"}],"wp:attachment":[{"href":"https:\/\/uj.adatbank.ro\/lexikon\/wp-json\/wp\/v2\/media?parent=9313"}],"wp:term":[{"taxonomy":"product_brand","embeddable":true,"href":"https:\/\/uj.adatbank.ro\/lexikon\/wp-json\/wp\/v2\/product_brand?post=9313"},{"taxonomy":"product_cat","embeddable":true,"href":"https:\/\/uj.adatbank.ro\/lexikon\/wp-json\/wp\/v2\/product_cat?post=9313"},{"taxonomy":"product_tag","embeddable":true,"href":"https:\/\/uj.adatbank.ro\/lexikon\/wp-json\/wp\/v2\/product_tag?post=9313"}],"curies":[{"name":"wp","href":"https:\/\/api.w.org\/{rel}","templated":true}]}}