{"id":9315,"date":"2025-06-29T10:56:24","date_gmt":"2025-06-29T08:56:24","guid":{"rendered":"https:\/\/uj.adatbank.ro\/lexikon\/termek\/gyorfy-albert\/"},"modified":"2025-06-29T10:56:24","modified_gmt":"2025-06-29T08:56:24","slug":"gyorfy-albert","status":"publish","type":"product","link":"https:\/\/uj.adatbank.ro\/lexikon\/termek\/gyorfy-albert\/","title":{"rendered":"GY\u00d6RFY Albert"},"content":{"rendered":"<p>Marosludas, 1916., \u2020\u00a0?: vend\u00e9gl\u0151s. \u2013 Mv.-en tanulta a vend\u00e9gl\u0151s szakm\u00e1t, felszabadul\u00e1sa ut\u00e1n Brass\u00f3ban, Kv.-on, Nagyszebenben, Borsz\u00e9ken, Szov\u00e1t\u00e1n \u00e9s a Gyilkost\u00f3 f\u00fcrd\u0151telepein gyakorolta a vend\u00e9gl\u00e1t\u00f3 ipart, majd Mv.-en Sz\u00e9kely M\u00e1rtonnal \u00f6n\u00e1ll\u00f3 lett, megalap\u00edtott\u00e1k az \u00c9des Lyuk vend\u00e9gl\u0151t, mely nagy h\u00edrn\u00e9vre tett szert \u00e9s ahol m. konyh\u00e1t vezettek. <br \/><strong>Irod.:<\/strong> Sz\u00e9kelyf\u00f6ld \u00ed. k.<\/br><\/p>\n","protected":false},"excerpt":{"rendered":"<p>Marosludas, 1916., \u2020\u00a0?: vend\u00e9gl\u0151s. \u2013 Mv.-en tanulta a vend\u00e9gl\u0151s szakm\u00e1t, felszabadul\u00e1sa ut\u00e1n Brass\u00f3ban, Kv.-on, Nagyszebenben, Borsz\u00e9ken, Szov\u00e1t\u00e1n \u00e9s a Gyilkost\u00f3 f\u00fcrd\u0151telepein gyakorolta a vend\u00e9gl\u00e1t\u00f3 ipart, majd Mv.-en Sz\u00e9kely M\u00e1rtonnal \u00f6n\u00e1ll\u00f3 lett, megalap\u00edtott\u00e1k az \u00c9des Lyuk vend\u00e9gl\u0151t, mely nagy h\u00edrn\u00e9vre tett szert \u00e9s ahol m. konyh\u00e1t vezettek. Irod.: Sz\u00e9kelyf\u00f6ld \u00ed. k.<\/p>\n","protected":false},"featured_media":0,"comment_status":"open","ping_status":"closed","template":"","meta":[],"product_brand":[],"product_cat":[137],"product_tag":[],"class_list":{"0":"post-9315","1":"product","2":"type-product","3":"status-publish","5":"product_cat-maros-megyei-eletrajzi-lexikon","7":"first","8":"instock","9":"shipping-taxable","10":"product-type-simple"},"_links":{"self":[{"href":"https:\/\/uj.adatbank.ro\/lexikon\/wp-json\/wp\/v2\/product\/9315","targetHints":{"allow":["GET"]}}],"collection":[{"href":"https:\/\/uj.adatbank.ro\/lexikon\/wp-json\/wp\/v2\/product"}],"about":[{"href":"https:\/\/uj.adatbank.ro\/lexikon\/wp-json\/wp\/v2\/types\/product"}],"replies":[{"embeddable":true,"href":"https:\/\/uj.adatbank.ro\/lexikon\/wp-json\/wp\/v2\/comments?post=9315"}],"wp:attachment":[{"href":"https:\/\/uj.adatbank.ro\/lexikon\/wp-json\/wp\/v2\/media?parent=9315"}],"wp:term":[{"taxonomy":"product_brand","embeddable":true,"href":"https:\/\/uj.adatbank.ro\/lexikon\/wp-json\/wp\/v2\/product_brand?post=9315"},{"taxonomy":"product_cat","embeddable":true,"href":"https:\/\/uj.adatbank.ro\/lexikon\/wp-json\/wp\/v2\/product_cat?post=9315"},{"taxonomy":"product_tag","embeddable":true,"href":"https:\/\/uj.adatbank.ro\/lexikon\/wp-json\/wp\/v2\/product_tag?post=9315"}],"curies":[{"name":"wp","href":"https:\/\/api.w.org\/{rel}","templated":true}]}}