{"id":9320,"date":"2025-06-29T10:56:36","date_gmt":"2025-06-29T08:56:36","guid":{"rendered":"https:\/\/uj.adatbank.ro\/lexikon\/termek\/gyorgy-4\/"},"modified":"2025-06-29T10:56:36","modified_gmt":"2025-06-29T08:56:36","slug":"gyorgy-4","status":"publish","type":"product","link":"https:\/\/uj.adatbank.ro\/lexikon\/termek\/gyorgy-4\/","title":{"rendered":"GY\u00d6RGY"},"content":{"rendered":"<p>? \u2020\u00a0?: r. k. pap. \u2013 Mez\u0151b\u00e1nd pl\u00e9b\u00e1niatemplom papja, a szentmih\u00e1lyk\u00f6vi p\u00e1losok j\u00f3tev\u0151je (1504). <br \/><strong>Irod.:<\/strong> Ferenczi S\u00e1ndor 2009; L\u00e9sty\u00e1n \u2013 templomok 1.<\/br><\/p>\n","protected":false},"excerpt":{"rendered":"<p>? \u2020\u00a0?: r. k. pap. \u2013 Mez\u0151b\u00e1nd pl\u00e9b\u00e1niatemplom papja, a szentmih\u00e1lyk\u00f6vi p\u00e1losok j\u00f3tev\u0151je (1504). Irod.: Ferenczi S\u00e1ndor 2009; L\u00e9sty\u00e1n \u2013 templomok 1.<\/p>\n","protected":false},"featured_media":0,"comment_status":"open","ping_status":"closed","template":"","meta":[],"product_brand":[],"product_cat":[137],"product_tag":[],"class_list":{"0":"post-9320","1":"product","2":"type-product","3":"status-publish","5":"product_cat-maros-megyei-eletrajzi-lexikon","7":"first","8":"instock","9":"shipping-taxable","10":"product-type-simple"},"_links":{"self":[{"href":"https:\/\/uj.adatbank.ro\/lexikon\/wp-json\/wp\/v2\/product\/9320","targetHints":{"allow":["GET"]}}],"collection":[{"href":"https:\/\/uj.adatbank.ro\/lexikon\/wp-json\/wp\/v2\/product"}],"about":[{"href":"https:\/\/uj.adatbank.ro\/lexikon\/wp-json\/wp\/v2\/types\/product"}],"replies":[{"embeddable":true,"href":"https:\/\/uj.adatbank.ro\/lexikon\/wp-json\/wp\/v2\/comments?post=9320"}],"wp:attachment":[{"href":"https:\/\/uj.adatbank.ro\/lexikon\/wp-json\/wp\/v2\/media?parent=9320"}],"wp:term":[{"taxonomy":"product_brand","embeddable":true,"href":"https:\/\/uj.adatbank.ro\/lexikon\/wp-json\/wp\/v2\/product_brand?post=9320"},{"taxonomy":"product_cat","embeddable":true,"href":"https:\/\/uj.adatbank.ro\/lexikon\/wp-json\/wp\/v2\/product_cat?post=9320"},{"taxonomy":"product_tag","embeddable":true,"href":"https:\/\/uj.adatbank.ro\/lexikon\/wp-json\/wp\/v2\/product_tag?post=9320"}],"curies":[{"name":"wp","href":"https:\/\/api.w.org\/{rel}","templated":true}]}}