{"id":9321,"date":"2025-06-29T10:56:40","date_gmt":"2025-06-29T08:56:40","guid":{"rendered":"https:\/\/uj.adatbank.ro\/lexikon\/termek\/gyorgy-5\/"},"modified":"2025-06-29T10:56:40","modified_gmt":"2025-06-29T08:56:40","slug":"gyorgy-5","status":"publish","type":"product","link":"https:\/\/uj.adatbank.ro\/lexikon\/termek\/gyorgy-5\/","title":{"rendered":"GY\u00d6RGY"},"content":{"rendered":"<p>1717. \u2020\u00a0Mv., 1797. m\u00e1rc. 14, \u00e9let\u00e9nek 81. \u00e9v\u00e9ben, a pl\u00e9b\u00e1nia templom kript\u00e1j\u00e1ba temett\u00e9k: r. k. pap. \u2013 Apostoli adminisztr\u00e1tor, ny\u00e1r\u00e1dt\u0151i, sz\u00e9kelyb\u0151i pl\u00e9b\u00e1nos. H\u00e1rom \u00e1rvah\u00e1zat alap\u00edtott, a J\u00e9zus T\u00e1rsas\u00e1g el\u0151lj\u00e1r\u00f3ja. <br \/><strong>Irod.:<\/strong> Pusk\u00e1s Attila<\/br><\/p>\n","protected":false},"excerpt":{"rendered":"<p>1717. \u2020\u00a0Mv., 1797. m\u00e1rc. 14, \u00e9let\u00e9nek 81. \u00e9v\u00e9ben, a pl\u00e9b\u00e1nia templom kript\u00e1j\u00e1ba temett\u00e9k: r. k. pap. \u2013 Apostoli adminisztr\u00e1tor, ny\u00e1r\u00e1dt\u0151i, sz\u00e9kelyb\u0151i pl\u00e9b\u00e1nos. H\u00e1rom \u00e1rvah\u00e1zat alap\u00edtott, a J\u00e9zus T\u00e1rsas\u00e1g el\u0151lj\u00e1r\u00f3ja. Irod.: Pusk\u00e1s Attila<\/p>\n","protected":false},"featured_media":0,"comment_status":"open","ping_status":"closed","template":"","meta":[],"product_brand":[],"product_cat":[137],"product_tag":[],"class_list":{"0":"post-9321","1":"product","2":"type-product","3":"status-publish","5":"product_cat-maros-megyei-eletrajzi-lexikon","7":"first","8":"instock","9":"shipping-taxable","10":"product-type-simple"},"_links":{"self":[{"href":"https:\/\/uj.adatbank.ro\/lexikon\/wp-json\/wp\/v2\/product\/9321","targetHints":{"allow":["GET"]}}],"collection":[{"href":"https:\/\/uj.adatbank.ro\/lexikon\/wp-json\/wp\/v2\/product"}],"about":[{"href":"https:\/\/uj.adatbank.ro\/lexikon\/wp-json\/wp\/v2\/types\/product"}],"replies":[{"embeddable":true,"href":"https:\/\/uj.adatbank.ro\/lexikon\/wp-json\/wp\/v2\/comments?post=9321"}],"wp:attachment":[{"href":"https:\/\/uj.adatbank.ro\/lexikon\/wp-json\/wp\/v2\/media?parent=9321"}],"wp:term":[{"taxonomy":"product_brand","embeddable":true,"href":"https:\/\/uj.adatbank.ro\/lexikon\/wp-json\/wp\/v2\/product_brand?post=9321"},{"taxonomy":"product_cat","embeddable":true,"href":"https:\/\/uj.adatbank.ro\/lexikon\/wp-json\/wp\/v2\/product_cat?post=9321"},{"taxonomy":"product_tag","embeddable":true,"href":"https:\/\/uj.adatbank.ro\/lexikon\/wp-json\/wp\/v2\/product_tag?post=9321"}],"curies":[{"name":"wp","href":"https:\/\/api.w.org\/{rel}","templated":true}]}}