{"id":9323,"date":"2025-06-29T10:56:43","date_gmt":"2025-06-29T08:56:43","guid":{"rendered":"https:\/\/uj.adatbank.ro\/lexikon\/termek\/gyorgy-antal\/"},"modified":"2025-06-29T10:56:43","modified_gmt":"2025-06-29T08:56:43","slug":"gyorgy-antal","status":"publish","type":"product","link":"https:\/\/uj.adatbank.ro\/lexikon\/termek\/gyorgy-antal\/","title":{"rendered":"GY\u00d6RGY Antal"},"content":{"rendered":"<p>Brass\u00f3, 1904., \u2020\u00a0? : \u00e1llom\u00e1sf\u0151n\u00f6k. \u2013 Iskol\u00e1it a nagyenyedi \u00e9s a sepsiszentgy\u00f6rgyi koll.-ban v\u00e9gezte, majd a vas\u00fat k\u00f6tel\u00e9k\u00e9be l\u00e9pett, ahol \u00e1llom\u00e1sf\u00f6n\u00f6k lett (1935), a s\u00f3v\u00e1radi \u00e1llom\u00e1s vezet\u0151je (1937\u2013). Katona\u00e9veit mint \u00f6nk\u00e9ntes szakaszvezet\u0151 a rom\u00e1n hadseregben szolg\u00e1lta. <br \/><strong>Irod.:<\/strong> Sz\u00e9kelyf\u00f6ld \u00ed. k.<\/br><\/p>\n","protected":false},"excerpt":{"rendered":"<p>Brass\u00f3, 1904., \u2020\u00a0? : \u00e1llom\u00e1sf\u0151n\u00f6k. \u2013 Iskol\u00e1it a nagyenyedi \u00e9s a sepsiszentgy\u00f6rgyi koll.-ban v\u00e9gezte, majd a vas\u00fat k\u00f6tel\u00e9k\u00e9be l\u00e9pett, ahol \u00e1llom\u00e1sf\u00f6n\u00f6k lett (1935), a s\u00f3v\u00e1radi \u00e1llom\u00e1s vezet\u0151je (1937\u2013). Katona\u00e9veit mint \u00f6nk\u00e9ntes szakaszvezet\u0151 a rom\u00e1n hadseregben szolg\u00e1lta. Irod.: Sz\u00e9kelyf\u00f6ld \u00ed. k.<\/p>\n","protected":false},"featured_media":0,"comment_status":"open","ping_status":"closed","template":"","meta":[],"product_brand":[],"product_cat":[137],"product_tag":[],"class_list":{"0":"post-9323","1":"product","2":"type-product","3":"status-publish","5":"product_cat-maros-megyei-eletrajzi-lexikon","7":"first","8":"instock","9":"shipping-taxable","10":"product-type-simple"},"_links":{"self":[{"href":"https:\/\/uj.adatbank.ro\/lexikon\/wp-json\/wp\/v2\/product\/9323","targetHints":{"allow":["GET"]}}],"collection":[{"href":"https:\/\/uj.adatbank.ro\/lexikon\/wp-json\/wp\/v2\/product"}],"about":[{"href":"https:\/\/uj.adatbank.ro\/lexikon\/wp-json\/wp\/v2\/types\/product"}],"replies":[{"embeddable":true,"href":"https:\/\/uj.adatbank.ro\/lexikon\/wp-json\/wp\/v2\/comments?post=9323"}],"wp:attachment":[{"href":"https:\/\/uj.adatbank.ro\/lexikon\/wp-json\/wp\/v2\/media?parent=9323"}],"wp:term":[{"taxonomy":"product_brand","embeddable":true,"href":"https:\/\/uj.adatbank.ro\/lexikon\/wp-json\/wp\/v2\/product_brand?post=9323"},{"taxonomy":"product_cat","embeddable":true,"href":"https:\/\/uj.adatbank.ro\/lexikon\/wp-json\/wp\/v2\/product_cat?post=9323"},{"taxonomy":"product_tag","embeddable":true,"href":"https:\/\/uj.adatbank.ro\/lexikon\/wp-json\/wp\/v2\/product_tag?post=9323"}],"curies":[{"name":"wp","href":"https:\/\/api.w.org\/{rel}","templated":true}]}}