{"id":9327,"date":"2025-06-29T10:56:50","date_gmt":"2025-06-29T08:56:50","guid":{"rendered":"https:\/\/uj.adatbank.ro\/lexikon\/termek\/gyorgy-denes\/"},"modified":"2025-06-29T10:56:50","modified_gmt":"2025-06-29T08:56:50","slug":"gyorgy-denes","status":"publish","type":"product","link":"https:\/\/uj.adatbank.ro\/lexikon\/termek\/gyorgy-denes\/","title":{"rendered":"GY\u00d6RGY D\u00e9nes"},"content":{"rendered":"<p>? \u2020 ? : honv\u00e9d. \u2013 A 27 sz\u00e9kely honv\u00e9d gyalogezred \u00e9s a 27 sz\u00e9kely t\u00fcz\u00e9roszt\u00e1lynak tagja. Elesett a Don-kanyarban (1942). <br \/><strong>Irod.:<\/strong> Eml\u00e9kk\u00f6nyv. Don-kanyar<\/br><\/p>\n","protected":false},"excerpt":{"rendered":"<p>? \u2020 ? : honv\u00e9d. \u2013 A 27 sz\u00e9kely honv\u00e9d gyalogezred \u00e9s a 27 sz\u00e9kely t\u00fcz\u00e9roszt\u00e1lynak tagja. Elesett a Don-kanyarban (1942). Irod.: Eml\u00e9kk\u00f6nyv. Don-kanyar<\/p>\n","protected":false},"featured_media":0,"comment_status":"open","ping_status":"closed","template":"","meta":[],"product_brand":[],"product_cat":[137],"product_tag":[],"class_list":{"0":"post-9327","1":"product","2":"type-product","3":"status-publish","5":"product_cat-maros-megyei-eletrajzi-lexikon","7":"first","8":"instock","9":"shipping-taxable","10":"product-type-simple"},"_links":{"self":[{"href":"https:\/\/uj.adatbank.ro\/lexikon\/wp-json\/wp\/v2\/product\/9327","targetHints":{"allow":["GET"]}}],"collection":[{"href":"https:\/\/uj.adatbank.ro\/lexikon\/wp-json\/wp\/v2\/product"}],"about":[{"href":"https:\/\/uj.adatbank.ro\/lexikon\/wp-json\/wp\/v2\/types\/product"}],"replies":[{"embeddable":true,"href":"https:\/\/uj.adatbank.ro\/lexikon\/wp-json\/wp\/v2\/comments?post=9327"}],"wp:attachment":[{"href":"https:\/\/uj.adatbank.ro\/lexikon\/wp-json\/wp\/v2\/media?parent=9327"}],"wp:term":[{"taxonomy":"product_brand","embeddable":true,"href":"https:\/\/uj.adatbank.ro\/lexikon\/wp-json\/wp\/v2\/product_brand?post=9327"},{"taxonomy":"product_cat","embeddable":true,"href":"https:\/\/uj.adatbank.ro\/lexikon\/wp-json\/wp\/v2\/product_cat?post=9327"},{"taxonomy":"product_tag","embeddable":true,"href":"https:\/\/uj.adatbank.ro\/lexikon\/wp-json\/wp\/v2\/product_tag?post=9327"}],"curies":[{"name":"wp","href":"https:\/\/api.w.org\/{rel}","templated":true}]}}