{"id":9329,"date":"2025-06-29T10:56:56","date_gmt":"2025-06-29T08:56:56","guid":{"rendered":"https:\/\/uj.adatbank.ro\/lexikon\/termek\/gyorgy-denes-3\/"},"modified":"2025-06-29T10:56:56","modified_gmt":"2025-06-29T08:56:56","slug":"gyorgy-denes-3","status":"publish","type":"product","link":"https:\/\/uj.adatbank.ro\/lexikon\/termek\/gyorgy-denes-3\/","title":{"rendered":"GY\u00d6RGY D\u00e9nes"},"content":{"rendered":"<p>Nagyernye, 1907. dec. 29., \u2020 Nagyernye, 1991. jan. 2.: tan\u00edt\u00f3. \u2013 A II. vh.-ban tart. z\u00e1szl\u00f3si rendfokozatban vett r\u00e9szt. Nagyerny\u00e9n tan\u00edtott a r. k. iskol\u00e1ban az \u00e1llamos\u00edt\u00e1sig (\u20131948-ig). \u2013 Irod. : Berekm\u00e9ri; Maros-k\u00fck\u00fcll\u0151i f\u0151esp; [Nekrol\u00f3g] (N\u00fa., 1991. jan. 3.)<\/br><\/p>\n","protected":false},"excerpt":{"rendered":"<p>Nagyernye, 1907. dec. 29., \u2020 Nagyernye, 1991. jan. 2.: tan\u00edt\u00f3. \u2013 A II. vh.-ban tart. z\u00e1szl\u00f3si rendfokozatban vett r\u00e9szt. Nagyerny\u00e9n tan\u00edtott a r. k. iskol\u00e1ban az \u00e1llamos\u00edt\u00e1sig (\u20131948-ig). \u2013 Irod. : Berekm\u00e9ri; Maros-k\u00fck\u00fcll\u0151i f\u0151esp; [Nekrol\u00f3g] (N\u00fa., 1991. jan. 3.)<\/p>\n","protected":false},"featured_media":0,"comment_status":"open","ping_status":"closed","template":"","meta":[],"product_brand":[],"product_cat":[137],"product_tag":[],"class_list":{"0":"post-9329","1":"product","2":"type-product","3":"status-publish","5":"product_cat-maros-megyei-eletrajzi-lexikon","7":"first","8":"instock","9":"shipping-taxable","10":"product-type-simple"},"_links":{"self":[{"href":"https:\/\/uj.adatbank.ro\/lexikon\/wp-json\/wp\/v2\/product\/9329","targetHints":{"allow":["GET"]}}],"collection":[{"href":"https:\/\/uj.adatbank.ro\/lexikon\/wp-json\/wp\/v2\/product"}],"about":[{"href":"https:\/\/uj.adatbank.ro\/lexikon\/wp-json\/wp\/v2\/types\/product"}],"replies":[{"embeddable":true,"href":"https:\/\/uj.adatbank.ro\/lexikon\/wp-json\/wp\/v2\/comments?post=9329"}],"wp:attachment":[{"href":"https:\/\/uj.adatbank.ro\/lexikon\/wp-json\/wp\/v2\/media?parent=9329"}],"wp:term":[{"taxonomy":"product_brand","embeddable":true,"href":"https:\/\/uj.adatbank.ro\/lexikon\/wp-json\/wp\/v2\/product_brand?post=9329"},{"taxonomy":"product_cat","embeddable":true,"href":"https:\/\/uj.adatbank.ro\/lexikon\/wp-json\/wp\/v2\/product_cat?post=9329"},{"taxonomy":"product_tag","embeddable":true,"href":"https:\/\/uj.adatbank.ro\/lexikon\/wp-json\/wp\/v2\/product_tag?post=9329"}],"curies":[{"name":"wp","href":"https:\/\/api.w.org\/{rel}","templated":true}]}}