{"id":9339,"date":"2025-06-29T10:57:20","date_gmt":"2025-06-29T08:57:20","guid":{"rendered":"https:\/\/uj.adatbank.ro\/lexikon\/termek\/gyorgy-lajos-2\/"},"modified":"2025-06-29T10:57:20","modified_gmt":"2025-06-29T08:57:20","slug":"gyorgy-lajos-2","status":"publish","type":"product","link":"https:\/\/uj.adatbank.ro\/lexikon\/termek\/gyorgy-lajos-2\/","title":{"rendered":"GY\u00d6RGY Lajos"},"content":{"rendered":"<p>Sz\u00e9kelyb\u0151, 1885, \u2020 Crodovice (Szlav\u00f3nia), 1914. okt. 13.: tartal\u00e9kos f\u0151t\u0171zmester a 16. \u00e1gy\u00fas ezredben (Feldkanonen Regiment). <br \/><strong>Irod.:<\/strong> Papp -Szente<\/br><\/p>\n","protected":false},"excerpt":{"rendered":"<p>Sz\u00e9kelyb\u0151, 1885, \u2020 Crodovice (Szlav\u00f3nia), 1914. okt. 13.: tartal\u00e9kos f\u0151t\u0171zmester a 16. \u00e1gy\u00fas ezredben (Feldkanonen Regiment). Irod.: Papp -Szente<\/p>\n","protected":false},"featured_media":0,"comment_status":"open","ping_status":"closed","template":"","meta":[],"product_brand":[],"product_cat":[137],"product_tag":[],"class_list":{"0":"post-9339","1":"product","2":"type-product","3":"status-publish","5":"product_cat-maros-megyei-eletrajzi-lexikon","7":"first","8":"instock","9":"shipping-taxable","10":"product-type-simple"},"_links":{"self":[{"href":"https:\/\/uj.adatbank.ro\/lexikon\/wp-json\/wp\/v2\/product\/9339","targetHints":{"allow":["GET"]}}],"collection":[{"href":"https:\/\/uj.adatbank.ro\/lexikon\/wp-json\/wp\/v2\/product"}],"about":[{"href":"https:\/\/uj.adatbank.ro\/lexikon\/wp-json\/wp\/v2\/types\/product"}],"replies":[{"embeddable":true,"href":"https:\/\/uj.adatbank.ro\/lexikon\/wp-json\/wp\/v2\/comments?post=9339"}],"wp:attachment":[{"href":"https:\/\/uj.adatbank.ro\/lexikon\/wp-json\/wp\/v2\/media?parent=9339"}],"wp:term":[{"taxonomy":"product_brand","embeddable":true,"href":"https:\/\/uj.adatbank.ro\/lexikon\/wp-json\/wp\/v2\/product_brand?post=9339"},{"taxonomy":"product_cat","embeddable":true,"href":"https:\/\/uj.adatbank.ro\/lexikon\/wp-json\/wp\/v2\/product_cat?post=9339"},{"taxonomy":"product_tag","embeddable":true,"href":"https:\/\/uj.adatbank.ro\/lexikon\/wp-json\/wp\/v2\/product_tag?post=9339"}],"curies":[{"name":"wp","href":"https:\/\/api.w.org\/{rel}","templated":true}]}}