{"id":9340,"date":"2025-06-29T10:57:21","date_gmt":"2025-06-29T08:57:21","guid":{"rendered":"https:\/\/uj.adatbank.ro\/lexikon\/termek\/gyorgy-lajos-3\/"},"modified":"2025-06-29T10:57:21","modified_gmt":"2025-06-29T08:57:21","slug":"gyorgy-lajos-3","status":"publish","type":"product","link":"https:\/\/uj.adatbank.ro\/lexikon\/termek\/gyorgy-lajos-3\/","title":{"rendered":"GY\u00d6RGY Lajos"},"content":{"rendered":"<p>Cs\u00edkszentkir\u00e1ly, 1916. j\u00fan. 21., \u2020 1981.: tisztvisel\u0151. \u2013 Mv.-en volt vas\u00fati tisztvisel\u0151. A rendszer folyamatos r\u00e1galmaz\u00e1s\u00e1nak v\u00e1dj\u00e1val tart\u00f3ztatt\u00e1k le (1958. febr. 12.) \u00e9s 5 \u00e9vre \u00edt\u00e9lt\u00e9k (szabadult: 1963. jan. 14.). <br \/><strong>Irod.:<\/strong> 1956 Erd\u00e9lyben<\/br><\/p>\n","protected":false},"excerpt":{"rendered":"<p>Cs\u00edkszentkir\u00e1ly, 1916. j\u00fan. 21., \u2020 1981.: tisztvisel\u0151. \u2013 Mv.-en volt vas\u00fati tisztvisel\u0151. A rendszer folyamatos r\u00e1galmaz\u00e1s\u00e1nak v\u00e1dj\u00e1val tart\u00f3ztatt\u00e1k le (1958. febr. 12.) \u00e9s 5 \u00e9vre \u00edt\u00e9lt\u00e9k (szabadult: 1963. jan. 14.). Irod.: 1956 Erd\u00e9lyben<\/p>\n","protected":false},"featured_media":0,"comment_status":"open","ping_status":"closed","template":"","meta":[],"product_brand":[],"product_cat":[137],"product_tag":[],"class_list":{"0":"post-9340","1":"product","2":"type-product","3":"status-publish","5":"product_cat-maros-megyei-eletrajzi-lexikon","7":"first","8":"instock","9":"shipping-taxable","10":"product-type-simple"},"_links":{"self":[{"href":"https:\/\/uj.adatbank.ro\/lexikon\/wp-json\/wp\/v2\/product\/9340","targetHints":{"allow":["GET"]}}],"collection":[{"href":"https:\/\/uj.adatbank.ro\/lexikon\/wp-json\/wp\/v2\/product"}],"about":[{"href":"https:\/\/uj.adatbank.ro\/lexikon\/wp-json\/wp\/v2\/types\/product"}],"replies":[{"embeddable":true,"href":"https:\/\/uj.adatbank.ro\/lexikon\/wp-json\/wp\/v2\/comments?post=9340"}],"wp:attachment":[{"href":"https:\/\/uj.adatbank.ro\/lexikon\/wp-json\/wp\/v2\/media?parent=9340"}],"wp:term":[{"taxonomy":"product_brand","embeddable":true,"href":"https:\/\/uj.adatbank.ro\/lexikon\/wp-json\/wp\/v2\/product_brand?post=9340"},{"taxonomy":"product_cat","embeddable":true,"href":"https:\/\/uj.adatbank.ro\/lexikon\/wp-json\/wp\/v2\/product_cat?post=9340"},{"taxonomy":"product_tag","embeddable":true,"href":"https:\/\/uj.adatbank.ro\/lexikon\/wp-json\/wp\/v2\/product_tag?post=9340"}],"curies":[{"name":"wp","href":"https:\/\/api.w.org\/{rel}","templated":true}]}}