{"id":9349,"date":"2025-06-29T10:57:40","date_gmt":"2025-06-29T08:57:40","guid":{"rendered":"https:\/\/uj.adatbank.ro\/lexikon\/termek\/gyorgy-sandor-2\/"},"modified":"2025-06-29T10:57:40","modified_gmt":"2025-06-29T08:57:40","slug":"gyorgy-sandor-2","status":"publish","type":"product","link":"https:\/\/uj.adatbank.ro\/lexikon\/termek\/gyorgy-sandor-2\/","title":{"rendered":"GY\u00d6RGY S\u00e1ndor"},"content":{"rendered":"<p>1911., \u2020\u00a0? : tan\u00edt\u00f3. \u2013 A mv.-i Ref. Koll.-ban bej\u00e1r\u00f3 tan\u00edt\u00f3 (1911\u201316). \u2013 <strong>F. m.:<\/strong> <strong>t\u00e1rssz.:<\/strong> Maros-V\u00e1s\u00e1rhelyi lexikon (Mv., 1912). <br \/><strong>Irod.:<\/strong> Mv. t\u00f6rt. 2.<\/br><\/p>\n","protected":false},"excerpt":{"rendered":"<p>1911., \u2020\u00a0? : tan\u00edt\u00f3. \u2013 A mv.-i Ref. Koll.-ban bej\u00e1r\u00f3 tan\u00edt\u00f3 (1911\u201316). \u2013 F. m.: t\u00e1rssz.: Maros-V\u00e1s\u00e1rhelyi lexikon (Mv., 1912). Irod.: Mv. t\u00f6rt. 2.<\/p>\n","protected":false},"featured_media":0,"comment_status":"open","ping_status":"closed","template":"","meta":[],"product_brand":[],"product_cat":[137],"product_tag":[],"class_list":{"0":"post-9349","1":"product","2":"type-product","3":"status-publish","5":"product_cat-maros-megyei-eletrajzi-lexikon","7":"first","8":"instock","9":"shipping-taxable","10":"product-type-simple"},"_links":{"self":[{"href":"https:\/\/uj.adatbank.ro\/lexikon\/wp-json\/wp\/v2\/product\/9349","targetHints":{"allow":["GET"]}}],"collection":[{"href":"https:\/\/uj.adatbank.ro\/lexikon\/wp-json\/wp\/v2\/product"}],"about":[{"href":"https:\/\/uj.adatbank.ro\/lexikon\/wp-json\/wp\/v2\/types\/product"}],"replies":[{"embeddable":true,"href":"https:\/\/uj.adatbank.ro\/lexikon\/wp-json\/wp\/v2\/comments?post=9349"}],"wp:attachment":[{"href":"https:\/\/uj.adatbank.ro\/lexikon\/wp-json\/wp\/v2\/media?parent=9349"}],"wp:term":[{"taxonomy":"product_brand","embeddable":true,"href":"https:\/\/uj.adatbank.ro\/lexikon\/wp-json\/wp\/v2\/product_brand?post=9349"},{"taxonomy":"product_cat","embeddable":true,"href":"https:\/\/uj.adatbank.ro\/lexikon\/wp-json\/wp\/v2\/product_cat?post=9349"},{"taxonomy":"product_tag","embeddable":true,"href":"https:\/\/uj.adatbank.ro\/lexikon\/wp-json\/wp\/v2\/product_tag?post=9349"}],"curies":[{"name":"wp","href":"https:\/\/api.w.org\/{rel}","templated":true}]}}