{"id":9352,"date":"2025-06-29T10:57:46","date_gmt":"2025-06-29T08:57:46","guid":{"rendered":"https:\/\/uj.adatbank.ro\/lexikon\/termek\/gyorgy-viktor\/"},"modified":"2025-06-29T10:57:46","modified_gmt":"2025-06-29T08:57:46","slug":"gyorgy-viktor","status":"publish","type":"product","link":"https:\/\/uj.adatbank.ro\/lexikon\/termek\/gyorgy-viktor\/","title":{"rendered":"GY\u00d6RGY Viktor"},"content":{"rendered":"<p>1856.? \u2020 Sz\u00e9kelytompa, 1887. m\u00e1rc. 31. : sz\u00e1mtiszt, hadnagy. \u2013\u00a0Gy. S\u00e1ndor \u00e9s Gy. Anna fia. Testv\u00e9re: Gy. K\u00e1rolina Adorj\u00e1ni Gergelyn\u00e9. \u2013 M. kir. illet\u00e9kkezel\u00e9si sz\u00e1mtiszt \u00e9s m. kir. honv\u00e9d hadnagy. <br \/><strong>Irod.:<\/strong> Gy\u00e1szjelent\u0151<\/br><\/p>\n","protected":false},"excerpt":{"rendered":"<p>1856.? \u2020 Sz\u00e9kelytompa, 1887. m\u00e1rc. 31. : sz\u00e1mtiszt, hadnagy. \u2013\u00a0Gy. S\u00e1ndor \u00e9s Gy. Anna fia. Testv\u00e9re: Gy. K\u00e1rolina Adorj\u00e1ni Gergelyn\u00e9. \u2013 M. kir. illet\u00e9kkezel\u00e9si sz\u00e1mtiszt \u00e9s m. kir. honv\u00e9d hadnagy. Irod.: Gy\u00e1szjelent\u0151<\/p>\n","protected":false},"featured_media":0,"comment_status":"open","ping_status":"closed","template":"","meta":[],"product_brand":[],"product_cat":[137],"product_tag":[],"class_list":{"0":"post-9352","1":"product","2":"type-product","3":"status-publish","5":"product_cat-maros-megyei-eletrajzi-lexikon","7":"first","8":"instock","9":"shipping-taxable","10":"product-type-simple"},"_links":{"self":[{"href":"https:\/\/uj.adatbank.ro\/lexikon\/wp-json\/wp\/v2\/product\/9352","targetHints":{"allow":["GET"]}}],"collection":[{"href":"https:\/\/uj.adatbank.ro\/lexikon\/wp-json\/wp\/v2\/product"}],"about":[{"href":"https:\/\/uj.adatbank.ro\/lexikon\/wp-json\/wp\/v2\/types\/product"}],"replies":[{"embeddable":true,"href":"https:\/\/uj.adatbank.ro\/lexikon\/wp-json\/wp\/v2\/comments?post=9352"}],"wp:attachment":[{"href":"https:\/\/uj.adatbank.ro\/lexikon\/wp-json\/wp\/v2\/media?parent=9352"}],"wp:term":[{"taxonomy":"product_brand","embeddable":true,"href":"https:\/\/uj.adatbank.ro\/lexikon\/wp-json\/wp\/v2\/product_brand?post=9352"},{"taxonomy":"product_cat","embeddable":true,"href":"https:\/\/uj.adatbank.ro\/lexikon\/wp-json\/wp\/v2\/product_cat?post=9352"},{"taxonomy":"product_tag","embeddable":true,"href":"https:\/\/uj.adatbank.ro\/lexikon\/wp-json\/wp\/v2\/product_tag?post=9352"}],"curies":[{"name":"wp","href":"https:\/\/api.w.org\/{rel}","templated":true}]}}