{"id":9353,"date":"2025-06-29T10:57:50","date_gmt":"2025-06-29T08:57:50","guid":{"rendered":"https:\/\/uj.adatbank.ro\/lexikon\/termek\/gyorgy-zsigmond\/"},"modified":"2025-06-29T10:57:50","modified_gmt":"2025-06-29T08:57:50","slug":"gyorgy-zsigmond","status":"publish","type":"product","link":"https:\/\/uj.adatbank.ro\/lexikon\/termek\/gyorgy-zsigmond\/","title":{"rendered":"GY\u00d6RGY Zsigmond"},"content":{"rendered":"<p>? \u2020 ?: ref. lek\u00e9sz. \u2013 M\u00e1j\u00e1ban volt lelk\u00e9sz (1814\u201318), majd Szentgerinc\u00e9n szolg\u00e1lt (1819\u201339), Ny\u00e1r\u00e1dszentsimonban (1840\u20131850). <br \/><strong>Irod.:<\/strong> Imreh Barna; M\u00e1ja; Szentgerice<\/br><\/p>\n","protected":false},"excerpt":{"rendered":"<p>? \u2020 ?: ref. lek\u00e9sz. \u2013 M\u00e1j\u00e1ban volt lelk\u00e9sz (1814\u201318), majd Szentgerinc\u00e9n szolg\u00e1lt (1819\u201339), Ny\u00e1r\u00e1dszentsimonban (1840\u20131850). Irod.: Imreh Barna; M\u00e1ja; Szentgerice<\/p>\n","protected":false},"featured_media":0,"comment_status":"open","ping_status":"closed","template":"","meta":[],"product_brand":[],"product_cat":[137],"product_tag":[],"class_list":{"0":"post-9353","1":"product","2":"type-product","3":"status-publish","5":"product_cat-maros-megyei-eletrajzi-lexikon","7":"first","8":"instock","9":"shipping-taxable","10":"product-type-simple"},"_links":{"self":[{"href":"https:\/\/uj.adatbank.ro\/lexikon\/wp-json\/wp\/v2\/product\/9353","targetHints":{"allow":["GET"]}}],"collection":[{"href":"https:\/\/uj.adatbank.ro\/lexikon\/wp-json\/wp\/v2\/product"}],"about":[{"href":"https:\/\/uj.adatbank.ro\/lexikon\/wp-json\/wp\/v2\/types\/product"}],"replies":[{"embeddable":true,"href":"https:\/\/uj.adatbank.ro\/lexikon\/wp-json\/wp\/v2\/comments?post=9353"}],"wp:attachment":[{"href":"https:\/\/uj.adatbank.ro\/lexikon\/wp-json\/wp\/v2\/media?parent=9353"}],"wp:term":[{"taxonomy":"product_brand","embeddable":true,"href":"https:\/\/uj.adatbank.ro\/lexikon\/wp-json\/wp\/v2\/product_brand?post=9353"},{"taxonomy":"product_cat","embeddable":true,"href":"https:\/\/uj.adatbank.ro\/lexikon\/wp-json\/wp\/v2\/product_cat?post=9353"},{"taxonomy":"product_tag","embeddable":true,"href":"https:\/\/uj.adatbank.ro\/lexikon\/wp-json\/wp\/v2\/product_tag?post=9353"}],"curies":[{"name":"wp","href":"https:\/\/api.w.org\/{rel}","templated":true}]}}