{"id":9355,"date":"2025-06-29T10:57:56","date_gmt":"2025-06-29T08:57:56","guid":{"rendered":"https:\/\/uj.adatbank.ro\/lexikon\/termek\/gyorgyi-janos-felician-fr\/"},"modified":"2025-06-29T10:57:56","modified_gmt":"2025-06-29T08:57:56","slug":"gyorgyi-janos-felician-fr","status":"publish","type":"product","link":"https:\/\/uj.adatbank.ro\/lexikon\/termek\/gyorgyi-janos-felician-fr\/","title":{"rendered":"GY\u00d6RGYI J\u00e1nos Felici\u00e1n, Fr."},"content":{"rendered":"<p>Segesv\u00e1r, 1876. nov. 9., \u2020\u00a0Fogaras, 1949. m\u00e1rc. 20.: ferences szerzetes, k\u00e1ntor. \u2013 A ferencesek rendj\u00e9be jelentkezett (1901. \u00e1pr. 15.), szerzetesi fogadalmat tett (1905. nov. 1.). A fogarasi ferences z\u00e1rda k\u00e1ntora volt, amikor letart\u00f3ztatt\u00e1k (1944. aug. 30.), mert magyark\u00e9nt a r. k. egyh\u00e1zhoz tartoz\u00f3 ferences rend tagja volt \u00e9s a rom\u00e1nok ellens\u00e9ge, szabadon engedt\u00e9k (1944. szept. 30.). <br \/><strong>Irod.:<\/strong> Gy\u00f6rgy: A ferencrendiek; Het\u00e9nyi 2000<\/br><\/p>\n","protected":false},"excerpt":{"rendered":"<p>Segesv\u00e1r, 1876. nov. 9., \u2020\u00a0Fogaras, 1949. m\u00e1rc. 20.: ferences szerzetes, k\u00e1ntor. \u2013 A ferencesek rendj\u00e9be jelentkezett (1901. \u00e1pr. 15.), szerzetesi fogadalmat tett (1905. nov. 1.). A fogarasi ferences z\u00e1rda k\u00e1ntora volt, amikor letart\u00f3ztatt\u00e1k (1944. aug. 30.), mert magyark\u00e9nt a r. k. egyh\u00e1zhoz tartoz\u00f3 ferences rend tagja volt \u00e9s a rom\u00e1nok ellens\u00e9ge, szabadon engedt\u00e9k (1944. szept. [&hellip;]<\/p>\n","protected":false},"featured_media":0,"comment_status":"open","ping_status":"closed","template":"","meta":[],"product_brand":[],"product_cat":[137],"product_tag":[],"class_list":{"0":"post-9355","1":"product","2":"type-product","3":"status-publish","5":"product_cat-maros-megyei-eletrajzi-lexikon","7":"first","8":"instock","9":"shipping-taxable","10":"product-type-simple"},"_links":{"self":[{"href":"https:\/\/uj.adatbank.ro\/lexikon\/wp-json\/wp\/v2\/product\/9355","targetHints":{"allow":["GET"]}}],"collection":[{"href":"https:\/\/uj.adatbank.ro\/lexikon\/wp-json\/wp\/v2\/product"}],"about":[{"href":"https:\/\/uj.adatbank.ro\/lexikon\/wp-json\/wp\/v2\/types\/product"}],"replies":[{"embeddable":true,"href":"https:\/\/uj.adatbank.ro\/lexikon\/wp-json\/wp\/v2\/comments?post=9355"}],"wp:attachment":[{"href":"https:\/\/uj.adatbank.ro\/lexikon\/wp-json\/wp\/v2\/media?parent=9355"}],"wp:term":[{"taxonomy":"product_brand","embeddable":true,"href":"https:\/\/uj.adatbank.ro\/lexikon\/wp-json\/wp\/v2\/product_brand?post=9355"},{"taxonomy":"product_cat","embeddable":true,"href":"https:\/\/uj.adatbank.ro\/lexikon\/wp-json\/wp\/v2\/product_cat?post=9355"},{"taxonomy":"product_tag","embeddable":true,"href":"https:\/\/uj.adatbank.ro\/lexikon\/wp-json\/wp\/v2\/product_tag?post=9355"}],"curies":[{"name":"wp","href":"https:\/\/api.w.org\/{rel}","templated":true}]}}