{"id":9357,"date":"2025-06-29T10:57:58","date_gmt":"2025-06-29T08:57:58","guid":{"rendered":"https:\/\/uj.adatbank.ro\/lexikon\/termek\/gyorgypal-jozsef\/"},"modified":"2025-06-29T10:57:58","modified_gmt":"2025-06-29T08:57:58","slug":"gyorgypal-jozsef","status":"publish","type":"product","link":"https:\/\/uj.adatbank.ro\/lexikon\/termek\/gyorgypal-jozsef\/","title":{"rendered":"GY\u00d6RGYP\u00c1L J\u00f3zsef"},"content":{"rendered":"<p>? \u2020\u00a0? : f\u0151hadnagy. \u2013 Feles\u00e9ge: Sz\u0151cs \u00c1gnes. Gyermekeik: Korn\u00e9lia, Ottilia, Victoria (1856.?-Mv., 1873. m\u00e1j. 6.). \u2013 M. kir. honv\u00e9d f\u0151hadnagy. <br \/><strong>Irod.:<\/strong> Gy\u00e1szjelent\u0151<\/br><\/p>\n","protected":false},"excerpt":{"rendered":"<p>? \u2020\u00a0? : f\u0151hadnagy. \u2013 Feles\u00e9ge: Sz\u0151cs \u00c1gnes. Gyermekeik: Korn\u00e9lia, Ottilia, Victoria (1856.?-Mv., 1873. m\u00e1j. 6.). \u2013 M. kir. honv\u00e9d f\u0151hadnagy. Irod.: Gy\u00e1szjelent\u0151<\/p>\n","protected":false},"featured_media":0,"comment_status":"open","ping_status":"closed","template":"","meta":[],"product_brand":[],"product_cat":[137],"product_tag":[],"class_list":{"0":"post-9357","1":"product","2":"type-product","3":"status-publish","5":"product_cat-maros-megyei-eletrajzi-lexikon","7":"first","8":"instock","9":"shipping-taxable","10":"product-type-simple"},"_links":{"self":[{"href":"https:\/\/uj.adatbank.ro\/lexikon\/wp-json\/wp\/v2\/product\/9357","targetHints":{"allow":["GET"]}}],"collection":[{"href":"https:\/\/uj.adatbank.ro\/lexikon\/wp-json\/wp\/v2\/product"}],"about":[{"href":"https:\/\/uj.adatbank.ro\/lexikon\/wp-json\/wp\/v2\/types\/product"}],"replies":[{"embeddable":true,"href":"https:\/\/uj.adatbank.ro\/lexikon\/wp-json\/wp\/v2\/comments?post=9357"}],"wp:attachment":[{"href":"https:\/\/uj.adatbank.ro\/lexikon\/wp-json\/wp\/v2\/media?parent=9357"}],"wp:term":[{"taxonomy":"product_brand","embeddable":true,"href":"https:\/\/uj.adatbank.ro\/lexikon\/wp-json\/wp\/v2\/product_brand?post=9357"},{"taxonomy":"product_cat","embeddable":true,"href":"https:\/\/uj.adatbank.ro\/lexikon\/wp-json\/wp\/v2\/product_cat?post=9357"},{"taxonomy":"product_tag","embeddable":true,"href":"https:\/\/uj.adatbank.ro\/lexikon\/wp-json\/wp\/v2\/product_tag?post=9357"}],"curies":[{"name":"wp","href":"https:\/\/api.w.org\/{rel}","templated":true}]}}