{"id":9359,"date":"2025-06-29T10:58:03","date_gmt":"2025-06-29T08:58:03","guid":{"rendered":"https:\/\/uj.adatbank.ro\/lexikon\/termek\/gyori-imre\/"},"modified":"2025-06-29T10:58:03","modified_gmt":"2025-06-29T08:58:03","slug":"gyori-imre","status":"publish","type":"product","link":"https:\/\/uj.adatbank.ro\/lexikon\/termek\/gyori-imre\/","title":{"rendered":"GY\u0150RI Imre"},"content":{"rendered":"<p>Ehed, 1886. dec. 29., \u2020\u00a01934. okt. 10.: r. k. pap. \u2013 A gimn. -ot Mv.-en, teol\u00f3giai tanulm\u00e1nyait Gyulafeh\u00e9rv\u00e1ron v\u00e9gezte. Papp\u00e1 szentelt\u00e9k (1912. j\u00fan. 29. K\u00e1pl\u00e1n Gyergy\u00f3\u00fajfaluban, Lup\u00e9nyban (1914), lelkip\u00e1sztor Brass\u00f3ban (1915\u201326), majd beteg \u00e9s v\u00e9g\u00fcl Eheden volt pl\u00e9b\u00e1nos (1928\u201334). \u2013 Irod: Ferenczi S\u00e1ndor 2009; Maros-k\u00fck\u00fcll\u0151i f\u0151esp.<\/br><\/p>\n","protected":false},"excerpt":{"rendered":"<p>Ehed, 1886. dec. 29., \u2020\u00a01934. okt. 10.: r. k. pap. \u2013 A gimn. -ot Mv.-en, teol\u00f3giai tanulm\u00e1nyait Gyulafeh\u00e9rv\u00e1ron v\u00e9gezte. Papp\u00e1 szentelt\u00e9k (1912. j\u00fan. 29. K\u00e1pl\u00e1n Gyergy\u00f3\u00fajfaluban, Lup\u00e9nyban (1914), lelkip\u00e1sztor Brass\u00f3ban (1915\u201326), majd beteg \u00e9s v\u00e9g\u00fcl Eheden volt pl\u00e9b\u00e1nos (1928\u201334). \u2013 Irod: Ferenczi S\u00e1ndor 2009; Maros-k\u00fck\u00fcll\u0151i f\u0151esp.<\/p>\n","protected":false},"featured_media":0,"comment_status":"open","ping_status":"closed","template":"","meta":[],"product_brand":[],"product_cat":[137],"product_tag":[],"class_list":{"0":"post-9359","1":"product","2":"type-product","3":"status-publish","5":"product_cat-maros-megyei-eletrajzi-lexikon","7":"first","8":"instock","9":"shipping-taxable","10":"product-type-simple"},"_links":{"self":[{"href":"https:\/\/uj.adatbank.ro\/lexikon\/wp-json\/wp\/v2\/product\/9359","targetHints":{"allow":["GET"]}}],"collection":[{"href":"https:\/\/uj.adatbank.ro\/lexikon\/wp-json\/wp\/v2\/product"}],"about":[{"href":"https:\/\/uj.adatbank.ro\/lexikon\/wp-json\/wp\/v2\/types\/product"}],"replies":[{"embeddable":true,"href":"https:\/\/uj.adatbank.ro\/lexikon\/wp-json\/wp\/v2\/comments?post=9359"}],"wp:attachment":[{"href":"https:\/\/uj.adatbank.ro\/lexikon\/wp-json\/wp\/v2\/media?parent=9359"}],"wp:term":[{"taxonomy":"product_brand","embeddable":true,"href":"https:\/\/uj.adatbank.ro\/lexikon\/wp-json\/wp\/v2\/product_brand?post=9359"},{"taxonomy":"product_cat","embeddable":true,"href":"https:\/\/uj.adatbank.ro\/lexikon\/wp-json\/wp\/v2\/product_cat?post=9359"},{"taxonomy":"product_tag","embeddable":true,"href":"https:\/\/uj.adatbank.ro\/lexikon\/wp-json\/wp\/v2\/product_tag?post=9359"}],"curies":[{"name":"wp","href":"https:\/\/api.w.org\/{rel}","templated":true}]}}