{"id":9360,"date":"2025-06-29T10:58:06","date_gmt":"2025-06-29T08:58:06","guid":{"rendered":"https:\/\/uj.adatbank.ro\/lexikon\/termek\/gyori-janos\/"},"modified":"2025-06-29T10:58:06","modified_gmt":"2025-06-29T08:58:06","slug":"gyori-janos","status":"publish","type":"product","link":"https:\/\/uj.adatbank.ro\/lexikon\/termek\/gyori-janos\/","title":{"rendered":"GY\u0150RI J\u00e1nos"},"content":{"rendered":"<p>Holtmaros, 1902. aug. 8. \u2020 Peripr\u00e1va, ismeretlen d\u00e1tumon. \u2013 \u00c1llam \u00e9s rendszerellenes tev\u00e9kenys\u00e9g\u00e9rt tart\u00f3ztatt\u00e1k le (1957. szept. 15.). 20 \u00e9vre \u00edt\u00e9lt\u00e9k el. A b\u00f6rt\u00f6nben halt meg ismeretlen k\u00f6r\u00fclm\u00e9nyek k\u00f6z\u00f6tt. <br \/><strong>Irod.:<\/strong> \u00c1ldozatok<\/br><\/p>\n","protected":false},"excerpt":{"rendered":"<p>Holtmaros, 1902. aug. 8. \u2020 Peripr\u00e1va, ismeretlen d\u00e1tumon. \u2013 \u00c1llam \u00e9s rendszerellenes tev\u00e9kenys\u00e9g\u00e9rt tart\u00f3ztatt\u00e1k le (1957. szept. 15.). 20 \u00e9vre \u00edt\u00e9lt\u00e9k el. A b\u00f6rt\u00f6nben halt meg ismeretlen k\u00f6r\u00fclm\u00e9nyek k\u00f6z\u00f6tt. Irod.: \u00c1ldozatok<\/p>\n","protected":false},"featured_media":0,"comment_status":"open","ping_status":"closed","template":"","meta":[],"product_brand":[],"product_cat":[137],"product_tag":[],"class_list":{"0":"post-9360","1":"product","2":"type-product","3":"status-publish","5":"product_cat-maros-megyei-eletrajzi-lexikon","7":"first","8":"instock","9":"shipping-taxable","10":"product-type-simple"},"_links":{"self":[{"href":"https:\/\/uj.adatbank.ro\/lexikon\/wp-json\/wp\/v2\/product\/9360","targetHints":{"allow":["GET"]}}],"collection":[{"href":"https:\/\/uj.adatbank.ro\/lexikon\/wp-json\/wp\/v2\/product"}],"about":[{"href":"https:\/\/uj.adatbank.ro\/lexikon\/wp-json\/wp\/v2\/types\/product"}],"replies":[{"embeddable":true,"href":"https:\/\/uj.adatbank.ro\/lexikon\/wp-json\/wp\/v2\/comments?post=9360"}],"wp:attachment":[{"href":"https:\/\/uj.adatbank.ro\/lexikon\/wp-json\/wp\/v2\/media?parent=9360"}],"wp:term":[{"taxonomy":"product_brand","embeddable":true,"href":"https:\/\/uj.adatbank.ro\/lexikon\/wp-json\/wp\/v2\/product_brand?post=9360"},{"taxonomy":"product_cat","embeddable":true,"href":"https:\/\/uj.adatbank.ro\/lexikon\/wp-json\/wp\/v2\/product_cat?post=9360"},{"taxonomy":"product_tag","embeddable":true,"href":"https:\/\/uj.adatbank.ro\/lexikon\/wp-json\/wp\/v2\/product_tag?post=9360"}],"curies":[{"name":"wp","href":"https:\/\/api.w.org\/{rel}","templated":true}]}}