{"id":9361,"date":"2025-06-29T10:58:08","date_gmt":"2025-06-29T08:58:08","guid":{"rendered":"https:\/\/uj.adatbank.ro\/lexikon\/termek\/gyori-jozsefne-aranyi-roza\/"},"modified":"2025-06-29T10:58:08","modified_gmt":"2025-06-29T08:58:08","slug":"gyori-jozsefne-aranyi-roza","status":"publish","type":"product","link":"https:\/\/uj.adatbank.ro\/lexikon\/termek\/gyori-jozsefne-aranyi-roza\/","title":{"rendered":"GY\u0150RI J\u00f3zsefn\u00e9, Aranyi R\u00f3za"},"content":{"rendered":"<p>Mv., 1858. \u00e1pr. 10., \u2020\u00a0? : sz\u00edn\u00e9szn\u0151. \u2013 F\u00e9rje meghalt (\u2020 Bp., 1879. szept. 18.). \u2013 Sz\u00edn\u00e9sz lett Ruber Antaln\u00e1l (1876. m\u00e1rc.). <br \/><strong>Irod.:<\/strong> Sch\u00f6pflin<\/br><\/p>\n","protected":false},"excerpt":{"rendered":"<p>Mv., 1858. \u00e1pr. 10., \u2020\u00a0? : sz\u00edn\u00e9szn\u0151. \u2013 F\u00e9rje meghalt (\u2020 Bp., 1879. szept. 18.). \u2013 Sz\u00edn\u00e9sz lett Ruber Antaln\u00e1l (1876. m\u00e1rc.). Irod.: Sch\u00f6pflin<\/p>\n","protected":false},"featured_media":0,"comment_status":"open","ping_status":"closed","template":"","meta":[],"product_brand":[],"product_cat":[137],"product_tag":[],"class_list":{"0":"post-9361","1":"product","2":"type-product","3":"status-publish","5":"product_cat-maros-megyei-eletrajzi-lexikon","7":"first","8":"instock","9":"shipping-taxable","10":"product-type-simple"},"_links":{"self":[{"href":"https:\/\/uj.adatbank.ro\/lexikon\/wp-json\/wp\/v2\/product\/9361","targetHints":{"allow":["GET"]}}],"collection":[{"href":"https:\/\/uj.adatbank.ro\/lexikon\/wp-json\/wp\/v2\/product"}],"about":[{"href":"https:\/\/uj.adatbank.ro\/lexikon\/wp-json\/wp\/v2\/types\/product"}],"replies":[{"embeddable":true,"href":"https:\/\/uj.adatbank.ro\/lexikon\/wp-json\/wp\/v2\/comments?post=9361"}],"wp:attachment":[{"href":"https:\/\/uj.adatbank.ro\/lexikon\/wp-json\/wp\/v2\/media?parent=9361"}],"wp:term":[{"taxonomy":"product_brand","embeddable":true,"href":"https:\/\/uj.adatbank.ro\/lexikon\/wp-json\/wp\/v2\/product_brand?post=9361"},{"taxonomy":"product_cat","embeddable":true,"href":"https:\/\/uj.adatbank.ro\/lexikon\/wp-json\/wp\/v2\/product_cat?post=9361"},{"taxonomy":"product_tag","embeddable":true,"href":"https:\/\/uj.adatbank.ro\/lexikon\/wp-json\/wp\/v2\/product_tag?post=9361"}],"curies":[{"name":"wp","href":"https:\/\/api.w.org\/{rel}","templated":true}]}}