{"id":9362,"date":"2025-06-29T10:58:11","date_gmt":"2025-06-29T08:58:11","guid":{"rendered":"https:\/\/uj.adatbank.ro\/lexikon\/termek\/gyori-nagy-ferenc-gyori-ferenc\/"},"modified":"2025-06-29T10:58:11","modified_gmt":"2025-06-29T08:58:11","slug":"gyori-nagy-ferenc-gyori-ferenc","status":"publish","type":"product","link":"https:\/\/uj.adatbank.ro\/lexikon\/termek\/gyori-nagy-ferenc-gyori-ferenc\/","title":{"rendered":"GY\u0150RI NAGY Ferenc, Gy\u0151ri Ferenc"},"content":{"rendered":"<p>? \u2020\u00a0?\u00a0: ref. lelk\u00e9sz. \u2013 Subscrib\u00e1lt Kv.-on (1723 k.). Szolg\u00e1lt Tancson (1734\u201339), Magyarp\u00e9terlak\u00e1n (1741\u201347), Magyarf\u00fclp\u00f6s\u00f6n (1748\u201350), Abaf\u00e1j\u00e1n (1751\u201354). Not\u00e1rius volt (1754\u2013), majd K\u00f6rtv\u00e9lyf\u00e1j\u00e1n (1754\u201356), Mez\u0151k\u00f6b\u00f6lk\u00faton (1757\u201360) m\u0171k\u00f6d\u00f6tt. <br \/><strong>Irod.:<\/strong> \u0150sz<\/br><\/p>\n","protected":false},"excerpt":{"rendered":"<p>? \u2020\u00a0?\u00a0: ref. lelk\u00e9sz. \u2013 Subscrib\u00e1lt Kv.-on (1723 k.). Szolg\u00e1lt Tancson (1734\u201339), Magyarp\u00e9terlak\u00e1n (1741\u201347), Magyarf\u00fclp\u00f6s\u00f6n (1748\u201350), Abaf\u00e1j\u00e1n (1751\u201354). Not\u00e1rius volt (1754\u2013), majd K\u00f6rtv\u00e9lyf\u00e1j\u00e1n (1754\u201356), Mez\u0151k\u00f6b\u00f6lk\u00faton (1757\u201360) m\u0171k\u00f6d\u00f6tt. Irod.: \u0150sz<\/p>\n","protected":false},"featured_media":0,"comment_status":"open","ping_status":"closed","template":"","meta":[],"product_brand":[],"product_cat":[137],"product_tag":[],"class_list":{"0":"post-9362","1":"product","2":"type-product","3":"status-publish","5":"product_cat-maros-megyei-eletrajzi-lexikon","7":"first","8":"instock","9":"shipping-taxable","10":"product-type-simple"},"_links":{"self":[{"href":"https:\/\/uj.adatbank.ro\/lexikon\/wp-json\/wp\/v2\/product\/9362","targetHints":{"allow":["GET"]}}],"collection":[{"href":"https:\/\/uj.adatbank.ro\/lexikon\/wp-json\/wp\/v2\/product"}],"about":[{"href":"https:\/\/uj.adatbank.ro\/lexikon\/wp-json\/wp\/v2\/types\/product"}],"replies":[{"embeddable":true,"href":"https:\/\/uj.adatbank.ro\/lexikon\/wp-json\/wp\/v2\/comments?post=9362"}],"wp:attachment":[{"href":"https:\/\/uj.adatbank.ro\/lexikon\/wp-json\/wp\/v2\/media?parent=9362"}],"wp:term":[{"taxonomy":"product_brand","embeddable":true,"href":"https:\/\/uj.adatbank.ro\/lexikon\/wp-json\/wp\/v2\/product_brand?post=9362"},{"taxonomy":"product_cat","embeddable":true,"href":"https:\/\/uj.adatbank.ro\/lexikon\/wp-json\/wp\/v2\/product_cat?post=9362"},{"taxonomy":"product_tag","embeddable":true,"href":"https:\/\/uj.adatbank.ro\/lexikon\/wp-json\/wp\/v2\/product_tag?post=9362"}],"curies":[{"name":"wp","href":"https:\/\/api.w.org\/{rel}","templated":true}]}}