{"id":9366,"date":"2025-06-29T10:58:18","date_gmt":"2025-06-29T08:58:18","guid":{"rendered":"https:\/\/uj.adatbank.ro\/lexikon\/termek\/gyorke-janos-szaldobosi\/"},"modified":"2025-06-29T10:58:18","modified_gmt":"2025-06-29T08:58:18","slug":"gyorke-janos-szaldobosi","status":"publish","type":"product","link":"https:\/\/uj.adatbank.ro\/lexikon\/termek\/gyorke-janos-szaldobosi\/","title":{"rendered":"GY\u00d6RKE J\u00e1nos, sz\u00e1ldobosi"},"content":{"rendered":"<p>Fels\u0151s\u00f3falva, 1887., \u2020\u00a0?: ref. lelk\u00e9sz, esperes. \u2013 El\u0151dei mint papok szolg\u00e1lt\u00e1k a ref. egyh\u00e1zat (1647\u2013). Apja Fels\u0151s\u00f3falva lelk\u00e9sze volt, v\u00e9gigk\u00fczd\u00f6tte a szabads\u00e1gharcot \u00e9s Zsib\u00f3n\u00e1l tette le a fegyvert. \u2013 Tanulm\u00e1nyait Sz\u00e9kelyudvarhelyen \u00e9s Kv.-on v\u00e9gezte, papi vizsg\u00e1t tett (1907). Egerbegyen kezdte p\u00e1lyafut\u00e1s\u00e1t seg\u00e9dlelk\u00e9szk\u00e9nt, onnan Sz\u00e9kelyszentistv\u00e1nra ker\u00fclt. Az els\u0151 vh.-ban mint t\u00e1bori lelk\u00e9sz a 4. z\u00e1szl\u00f3aljn\u00e1l teljes\u00edtett szolg\u00e1latot. A bekecsalji ref. egyh\u00e1zmegye sz\u00e1mvev\u0151je, esperes (1938\u2013). T\u00f6bbsz\u00f6r letart\u00f3ztatt\u00e1k, \u00e1llamellenes izgat\u00e1s \u00e9s nemzetgyal\u00e1z\u00e1s v\u00e1dj\u00e1val, t\u00f6bbsz\u00f6r p\u00e9nzb\u0171ntet\u00e9st fizetett. <br \/><strong>Irod.:<\/strong> Ref. egyetemes n\u00e9vt\u00e1r, Sz\u00e9kelyf\u00f6ld \u00ed. k.<\/br><\/p>\n","protected":false},"excerpt":{"rendered":"<p>Fels\u0151s\u00f3falva, 1887., \u2020\u00a0?: ref. lelk\u00e9sz, esperes. \u2013 El\u0151dei mint papok szolg\u00e1lt\u00e1k a ref. egyh\u00e1zat (1647\u2013). Apja Fels\u0151s\u00f3falva lelk\u00e9sze volt, v\u00e9gigk\u00fczd\u00f6tte a szabads\u00e1gharcot \u00e9s Zsib\u00f3n\u00e1l tette le a fegyvert. \u2013 Tanulm\u00e1nyait Sz\u00e9kelyudvarhelyen \u00e9s Kv.-on v\u00e9gezte, papi vizsg\u00e1t tett (1907). Egerbegyen kezdte p\u00e1lyafut\u00e1s\u00e1t seg\u00e9dlelk\u00e9szk\u00e9nt, onnan Sz\u00e9kelyszentistv\u00e1nra ker\u00fclt. Az els\u0151 vh.-ban mint t\u00e1bori lelk\u00e9sz a 4. z\u00e1szl\u00f3aljn\u00e1l teljes\u00edtett [&hellip;]<\/p>\n","protected":false},"featured_media":0,"comment_status":"open","ping_status":"closed","template":"","meta":[],"product_brand":[],"product_cat":[137],"product_tag":[],"class_list":{"0":"post-9366","1":"product","2":"type-product","3":"status-publish","5":"product_cat-maros-megyei-eletrajzi-lexikon","7":"first","8":"instock","9":"shipping-taxable","10":"product-type-simple"},"_links":{"self":[{"href":"https:\/\/uj.adatbank.ro\/lexikon\/wp-json\/wp\/v2\/product\/9366","targetHints":{"allow":["GET"]}}],"collection":[{"href":"https:\/\/uj.adatbank.ro\/lexikon\/wp-json\/wp\/v2\/product"}],"about":[{"href":"https:\/\/uj.adatbank.ro\/lexikon\/wp-json\/wp\/v2\/types\/product"}],"replies":[{"embeddable":true,"href":"https:\/\/uj.adatbank.ro\/lexikon\/wp-json\/wp\/v2\/comments?post=9366"}],"wp:attachment":[{"href":"https:\/\/uj.adatbank.ro\/lexikon\/wp-json\/wp\/v2\/media?parent=9366"}],"wp:term":[{"taxonomy":"product_brand","embeddable":true,"href":"https:\/\/uj.adatbank.ro\/lexikon\/wp-json\/wp\/v2\/product_brand?post=9366"},{"taxonomy":"product_cat","embeddable":true,"href":"https:\/\/uj.adatbank.ro\/lexikon\/wp-json\/wp\/v2\/product_cat?post=9366"},{"taxonomy":"product_tag","embeddable":true,"href":"https:\/\/uj.adatbank.ro\/lexikon\/wp-json\/wp\/v2\/product_tag?post=9366"}],"curies":[{"name":"wp","href":"https:\/\/api.w.org\/{rel}","templated":true}]}}