{"id":9369,"date":"2025-06-29T10:58:26","date_gmt":"2025-06-29T08:58:26","guid":{"rendered":"https:\/\/uj.adatbank.ro\/lexikon\/termek\/gyory-anna\/"},"modified":"2025-06-29T10:58:26","modified_gmt":"2025-06-29T08:58:26","slug":"gyory-anna","status":"publish","type":"product","link":"https:\/\/uj.adatbank.ro\/lexikon\/termek\/gyory-anna\/","title":{"rendered":"GY\u0150RY Anna"},"content":{"rendered":"<p>1912., \u2020 ? : tan\u00edt\u00f3n\u0151. \u2013 Kv.-on szerzett tant\u00f3i okl. -t (1937). Marosszentgy\u00f6rgy\u00f6n a ref. egyh\u00e1zi iskol\u00e1ban tan\u00edtott 119 gyermeket, egy meg nem felel\u0151 tanteremben (1939\u201340). <br \/><strong>Irod.:<\/strong> S\u00e2ngeorgiu de Mure\u015f \u2013 \u015ecoala<\/br><\/p>\n","protected":false},"excerpt":{"rendered":"<p>1912., \u2020 ? : tan\u00edt\u00f3n\u0151. \u2013 Kv.-on szerzett tant\u00f3i okl. -t (1937). Marosszentgy\u00f6rgy\u00f6n a ref. egyh\u00e1zi iskol\u00e1ban tan\u00edtott 119 gyermeket, egy meg nem felel\u0151 tanteremben (1939\u201340). Irod.: S\u00e2ngeorgiu de Mure\u015f \u2013 \u015ecoala<\/p>\n","protected":false},"featured_media":0,"comment_status":"open","ping_status":"closed","template":"","meta":[],"product_brand":[],"product_cat":[137],"product_tag":[],"class_list":{"0":"post-9369","1":"product","2":"type-product","3":"status-publish","5":"product_cat-maros-megyei-eletrajzi-lexikon","7":"first","8":"instock","9":"shipping-taxable","10":"product-type-simple"},"_links":{"self":[{"href":"https:\/\/uj.adatbank.ro\/lexikon\/wp-json\/wp\/v2\/product\/9369","targetHints":{"allow":["GET"]}}],"collection":[{"href":"https:\/\/uj.adatbank.ro\/lexikon\/wp-json\/wp\/v2\/product"}],"about":[{"href":"https:\/\/uj.adatbank.ro\/lexikon\/wp-json\/wp\/v2\/types\/product"}],"replies":[{"embeddable":true,"href":"https:\/\/uj.adatbank.ro\/lexikon\/wp-json\/wp\/v2\/comments?post=9369"}],"wp:attachment":[{"href":"https:\/\/uj.adatbank.ro\/lexikon\/wp-json\/wp\/v2\/media?parent=9369"}],"wp:term":[{"taxonomy":"product_brand","embeddable":true,"href":"https:\/\/uj.adatbank.ro\/lexikon\/wp-json\/wp\/v2\/product_brand?post=9369"},{"taxonomy":"product_cat","embeddable":true,"href":"https:\/\/uj.adatbank.ro\/lexikon\/wp-json\/wp\/v2\/product_cat?post=9369"},{"taxonomy":"product_tag","embeddable":true,"href":"https:\/\/uj.adatbank.ro\/lexikon\/wp-json\/wp\/v2\/product_tag?post=9369"}],"curies":[{"name":"wp","href":"https:\/\/api.w.org\/{rel}","templated":true}]}}