{"id":9371,"date":"2025-06-29T10:58:34","date_gmt":"2025-06-29T08:58:34","guid":{"rendered":"https:\/\/uj.adatbank.ro\/lexikon\/termek\/gyujto-istvan-sepsimartonosi\/"},"modified":"2025-06-29T10:58:34","modified_gmt":"2025-06-29T08:58:34","slug":"gyujto-istvan-sepsimartonosi","status":"publish","type":"product","link":"https:\/\/uj.adatbank.ro\/lexikon\/termek\/gyujto-istvan-sepsimartonosi\/","title":{"rendered":"GY\u00daJT\u00d3 Istv\u00e1n, sepsimartonosi"},"content":{"rendered":"<p>? \u2020\u00a0? : f\u0151b\u00edr\u00f3. \u2013 Mv. f\u0151b\u00edr\u00f3ja. Az agyagfalvi sz\u00e9kely nemzetgy\u0171l\u00e9sen Mv. k\u00f6vete (1790). 4100 frt. -ot adott a Ref. Koll. -nak (1804) azzal a meghagy\u00e1ssal, hogy az \u00f6sszeg feler\u00e9sze a Gyujt\u00f3 ut\u00f3dok, m\u00e1sik r\u00e9sze a j\u00f3igyekezet\u0171, \u00e1rva, nemes v. papi gyermekek tan\u00edttat\u00e1s\u00e1ra ford\u00edts\u00e1k. \u2013 Irod. : Kr\u00f3n. F\u00fcz. (1939. 4\/9), P\u00e1lmay<\/br><\/p>\n","protected":false},"excerpt":{"rendered":"<p>? \u2020\u00a0? : f\u0151b\u00edr\u00f3. \u2013 Mv. f\u0151b\u00edr\u00f3ja. Az agyagfalvi sz\u00e9kely nemzetgy\u0171l\u00e9sen Mv. k\u00f6vete (1790). 4100 frt. -ot adott a Ref. Koll. -nak (1804) azzal a meghagy\u00e1ssal, hogy az \u00f6sszeg feler\u00e9sze a Gyujt\u00f3 ut\u00f3dok, m\u00e1sik r\u00e9sze a j\u00f3igyekezet\u0171, \u00e1rva, nemes v. papi gyermekek tan\u00edttat\u00e1s\u00e1ra ford\u00edts\u00e1k. \u2013 Irod. : Kr\u00f3n. F\u00fcz. (1939. 4\/9), P\u00e1lmay<\/p>\n","protected":false},"featured_media":0,"comment_status":"open","ping_status":"closed","template":"","meta":[],"product_brand":[],"product_cat":[137],"product_tag":[],"class_list":{"0":"post-9371","1":"product","2":"type-product","3":"status-publish","5":"product_cat-maros-megyei-eletrajzi-lexikon","7":"first","8":"instock","9":"shipping-taxable","10":"product-type-simple"},"_links":{"self":[{"href":"https:\/\/uj.adatbank.ro\/lexikon\/wp-json\/wp\/v2\/product\/9371","targetHints":{"allow":["GET"]}}],"collection":[{"href":"https:\/\/uj.adatbank.ro\/lexikon\/wp-json\/wp\/v2\/product"}],"about":[{"href":"https:\/\/uj.adatbank.ro\/lexikon\/wp-json\/wp\/v2\/types\/product"}],"replies":[{"embeddable":true,"href":"https:\/\/uj.adatbank.ro\/lexikon\/wp-json\/wp\/v2\/comments?post=9371"}],"wp:attachment":[{"href":"https:\/\/uj.adatbank.ro\/lexikon\/wp-json\/wp\/v2\/media?parent=9371"}],"wp:term":[{"taxonomy":"product_brand","embeddable":true,"href":"https:\/\/uj.adatbank.ro\/lexikon\/wp-json\/wp\/v2\/product_brand?post=9371"},{"taxonomy":"product_cat","embeddable":true,"href":"https:\/\/uj.adatbank.ro\/lexikon\/wp-json\/wp\/v2\/product_cat?post=9371"},{"taxonomy":"product_tag","embeddable":true,"href":"https:\/\/uj.adatbank.ro\/lexikon\/wp-json\/wp\/v2\/product_tag?post=9371"}],"curies":[{"name":"wp","href":"https:\/\/api.w.org\/{rel}","templated":true}]}}