{"id":9379,"date":"2025-06-29T10:58:46","date_gmt":"2025-06-29T08:58:46","guid":{"rendered":"https:\/\/uj.adatbank.ro\/lexikon\/termek\/gyulai-demeter-olga-gyulai-d-olga\/"},"modified":"2025-06-29T10:58:46","modified_gmt":"2025-06-29T08:58:46","slug":"gyulai-demeter-olga-gyulai-d-olga","status":"publish","type":"product","link":"https:\/\/uj.adatbank.ro\/lexikon\/termek\/gyulai-demeter-olga-gyulai-d-olga\/","title":{"rendered":"GYULAI DEMETER Olga, Gyulai D. Olga"},"content":{"rendered":"<p>Mv., 1903. m\u00e1j. 28., \u2020 ? : gy\u00f3gyszer\u00e9sz. \u2013 Gy. D. K\u00e1lm\u00e1n \u00e9s M\u00e1ty\u00e1s Etelka le\u00e1nya. \u2013 Gy\u00f3gyszer\u00e9sz oklevelet a buk.-i Gy\u00f3gyszer\u00e9szeti Karon kapott (1936). Mv.-en az Arany Kereszt (1941\u201342), az Albina (1946\u201349), a Gr\u00f3sz Ferdin\u00e1nd, K\u0151v\u00e1ri J\u00f3zsef gy\u00f3gyszert\u00e1r\u00e1ban \u00e9s m\u00e9g m\u00e1s gy\u00f3gyszert\u00e1rban dolgozott alkalmazottk\u00e9nt. <br \/><strong>Irod.:<\/strong> P\u00e9ter H. M.; P\u00e9ter H. M. 2013<\/br><\/p>\n","protected":false},"excerpt":{"rendered":"<p>Mv., 1903. m\u00e1j. 28., \u2020 ? : gy\u00f3gyszer\u00e9sz. \u2013 Gy. D. K\u00e1lm\u00e1n \u00e9s M\u00e1ty\u00e1s Etelka le\u00e1nya. \u2013 Gy\u00f3gyszer\u00e9sz oklevelet a buk.-i Gy\u00f3gyszer\u00e9szeti Karon kapott (1936). Mv.-en az Arany Kereszt (1941\u201342), az Albina (1946\u201349), a Gr\u00f3sz Ferdin\u00e1nd, K\u0151v\u00e1ri J\u00f3zsef gy\u00f3gyszert\u00e1r\u00e1ban \u00e9s m\u00e9g m\u00e1s gy\u00f3gyszert\u00e1rban dolgozott alkalmazottk\u00e9nt. Irod.: P\u00e9ter H. M.; P\u00e9ter H. M. 2013<\/p>\n","protected":false},"featured_media":0,"comment_status":"open","ping_status":"closed","template":"","meta":[],"product_brand":[],"product_cat":[137],"product_tag":[],"class_list":{"0":"post-9379","1":"product","2":"type-product","3":"status-publish","5":"product_cat-maros-megyei-eletrajzi-lexikon","7":"first","8":"instock","9":"shipping-taxable","10":"product-type-simple"},"_links":{"self":[{"href":"https:\/\/uj.adatbank.ro\/lexikon\/wp-json\/wp\/v2\/product\/9379","targetHints":{"allow":["GET"]}}],"collection":[{"href":"https:\/\/uj.adatbank.ro\/lexikon\/wp-json\/wp\/v2\/product"}],"about":[{"href":"https:\/\/uj.adatbank.ro\/lexikon\/wp-json\/wp\/v2\/types\/product"}],"replies":[{"embeddable":true,"href":"https:\/\/uj.adatbank.ro\/lexikon\/wp-json\/wp\/v2\/comments?post=9379"}],"wp:attachment":[{"href":"https:\/\/uj.adatbank.ro\/lexikon\/wp-json\/wp\/v2\/media?parent=9379"}],"wp:term":[{"taxonomy":"product_brand","embeddable":true,"href":"https:\/\/uj.adatbank.ro\/lexikon\/wp-json\/wp\/v2\/product_brand?post=9379"},{"taxonomy":"product_cat","embeddable":true,"href":"https:\/\/uj.adatbank.ro\/lexikon\/wp-json\/wp\/v2\/product_cat?post=9379"},{"taxonomy":"product_tag","embeddable":true,"href":"https:\/\/uj.adatbank.ro\/lexikon\/wp-json\/wp\/v2\/product_tag?post=9379"}],"curies":[{"name":"wp","href":"https:\/\/api.w.org\/{rel}","templated":true}]}}