{"id":9382,"date":"2025-06-29T10:58:52","date_gmt":"2025-06-29T08:58:52","guid":{"rendered":"https:\/\/uj.adatbank.ro\/lexikon\/termek\/gyulai-elek-2\/"},"modified":"2025-06-29T10:58:52","modified_gmt":"2025-06-29T08:58:52","slug":"gyulai-elek-2","status":"publish","type":"product","link":"https:\/\/uj.adatbank.ro\/lexikon\/termek\/gyulai-elek-2\/","title":{"rendered":"GYULAI Elek"},"content":{"rendered":"<p>1857.? \u2020\u00a0Mv., 1911. m\u00e1j. 31.: ?. \u2013 Gy. Elek \u00e9s Reil Anna fia. Testv\u00e9rei: Zsuzs\u00e1nna id. Csisz\u00e1r Lajosn\u00e9; Berta Kov\u00e1cs J\u00e1nosn\u00e9; Ferenc, feles\u00e9ge Szathm\u00e1ri J\u00f3z\u00e9fa. Feles\u00e9ge: P\u00e9terfi Borb\u00e1ra. Gyermeke: Erzsi Kozocsa Mih\u00e1lyn\u00e9. <br \/><strong>Irod.:<\/strong> Gy\u00e1szjelent\u0151<\/br><\/p>\n","protected":false},"excerpt":{"rendered":"<p>1857.? \u2020\u00a0Mv., 1911. m\u00e1j. 31.: ?. \u2013 Gy. Elek \u00e9s Reil Anna fia. Testv\u00e9rei: Zsuzs\u00e1nna id. Csisz\u00e1r Lajosn\u00e9; Berta Kov\u00e1cs J\u00e1nosn\u00e9; Ferenc, feles\u00e9ge Szathm\u00e1ri J\u00f3z\u00e9fa. Feles\u00e9ge: P\u00e9terfi Borb\u00e1ra. Gyermeke: Erzsi Kozocsa Mih\u00e1lyn\u00e9. Irod.: Gy\u00e1szjelent\u0151<\/p>\n","protected":false},"featured_media":0,"comment_status":"open","ping_status":"closed","template":"","meta":[],"product_brand":[],"product_cat":[137],"product_tag":[],"class_list":{"0":"post-9382","1":"product","2":"type-product","3":"status-publish","5":"product_cat-maros-megyei-eletrajzi-lexikon","7":"first","8":"instock","9":"shipping-taxable","10":"product-type-simple"},"_links":{"self":[{"href":"https:\/\/uj.adatbank.ro\/lexikon\/wp-json\/wp\/v2\/product\/9382","targetHints":{"allow":["GET"]}}],"collection":[{"href":"https:\/\/uj.adatbank.ro\/lexikon\/wp-json\/wp\/v2\/product"}],"about":[{"href":"https:\/\/uj.adatbank.ro\/lexikon\/wp-json\/wp\/v2\/types\/product"}],"replies":[{"embeddable":true,"href":"https:\/\/uj.adatbank.ro\/lexikon\/wp-json\/wp\/v2\/comments?post=9382"}],"wp:attachment":[{"href":"https:\/\/uj.adatbank.ro\/lexikon\/wp-json\/wp\/v2\/media?parent=9382"}],"wp:term":[{"taxonomy":"product_brand","embeddable":true,"href":"https:\/\/uj.adatbank.ro\/lexikon\/wp-json\/wp\/v2\/product_brand?post=9382"},{"taxonomy":"product_cat","embeddable":true,"href":"https:\/\/uj.adatbank.ro\/lexikon\/wp-json\/wp\/v2\/product_cat?post=9382"},{"taxonomy":"product_tag","embeddable":true,"href":"https:\/\/uj.adatbank.ro\/lexikon\/wp-json\/wp\/v2\/product_tag?post=9382"}],"curies":[{"name":"wp","href":"https:\/\/api.w.org\/{rel}","templated":true}]}}