{"id":9384,"date":"2025-06-29T10:58:56","date_gmt":"2025-06-29T08:58:56","guid":{"rendered":"https:\/\/uj.adatbank.ro\/lexikon\/termek\/gyulai-ferenc-2\/"},"modified":"2025-06-29T10:58:56","modified_gmt":"2025-06-29T08:58:56","slug":"gyulai-ferenc-2","status":"publish","type":"product","link":"https:\/\/uj.adatbank.ro\/lexikon\/termek\/gyulai-ferenc-2\/","title":{"rendered":"GYULAI Ferenc"},"content":{"rendered":"<p>? \u2020\u00a0? : szolgab\u00edr\u00f3. \u2013 Szolgab\u00edr\u00f3k\u00e9nt Nagy Id\u00e1r\u00f3l k\u00fcldte el Farag\u00f3 \u00e9s Telekitanya, Kisnyulas, Kozmatelke, Kisf\u00fclp\u00f6s, Mez\u0151banyica, Mez\u0151harasztos, Mez\u0151kir\u00e1lyfalva, Mez\u0151szentandr\u00e1s, Mez\u0151szokol, Nagyercse \u00e9s Kisnyulasi N\u00e9ma, Lev\u00e9l, Tancs helyneveit. \u00cdgy vett r\u00e9szt Pesty Frigyes eg\u00e9sz Mo.-ra \u00e9s Erd\u00e9lyre kiterjedt helyn\u00e9vgy\u0171jt\u00e9s\u00e9ben (1864\u201365). <br \/><strong>Irod.:<\/strong> Pesty 2014<\/br><\/p>\n","protected":false},"excerpt":{"rendered":"<p>? \u2020\u00a0? : szolgab\u00edr\u00f3. \u2013 Szolgab\u00edr\u00f3k\u00e9nt Nagy Id\u00e1r\u00f3l k\u00fcldte el Farag\u00f3 \u00e9s Telekitanya, Kisnyulas, Kozmatelke, Kisf\u00fclp\u00f6s, Mez\u0151banyica, Mez\u0151harasztos, Mez\u0151kir\u00e1lyfalva, Mez\u0151szentandr\u00e1s, Mez\u0151szokol, Nagyercse \u00e9s Kisnyulasi N\u00e9ma, Lev\u00e9l, Tancs helyneveit. \u00cdgy vett r\u00e9szt Pesty Frigyes eg\u00e9sz Mo.-ra \u00e9s Erd\u00e9lyre kiterjedt helyn\u00e9vgy\u0171jt\u00e9s\u00e9ben (1864\u201365). Irod.: Pesty 2014<\/p>\n","protected":false},"featured_media":0,"comment_status":"open","ping_status":"closed","template":"","meta":[],"product_brand":[],"product_cat":[137],"product_tag":[],"class_list":{"0":"post-9384","1":"product","2":"type-product","3":"status-publish","5":"product_cat-maros-megyei-eletrajzi-lexikon","7":"first","8":"instock","9":"shipping-taxable","10":"product-type-simple"},"_links":{"self":[{"href":"https:\/\/uj.adatbank.ro\/lexikon\/wp-json\/wp\/v2\/product\/9384","targetHints":{"allow":["GET"]}}],"collection":[{"href":"https:\/\/uj.adatbank.ro\/lexikon\/wp-json\/wp\/v2\/product"}],"about":[{"href":"https:\/\/uj.adatbank.ro\/lexikon\/wp-json\/wp\/v2\/types\/product"}],"replies":[{"embeddable":true,"href":"https:\/\/uj.adatbank.ro\/lexikon\/wp-json\/wp\/v2\/comments?post=9384"}],"wp:attachment":[{"href":"https:\/\/uj.adatbank.ro\/lexikon\/wp-json\/wp\/v2\/media?parent=9384"}],"wp:term":[{"taxonomy":"product_brand","embeddable":true,"href":"https:\/\/uj.adatbank.ro\/lexikon\/wp-json\/wp\/v2\/product_brand?post=9384"},{"taxonomy":"product_cat","embeddable":true,"href":"https:\/\/uj.adatbank.ro\/lexikon\/wp-json\/wp\/v2\/product_cat?post=9384"},{"taxonomy":"product_tag","embeddable":true,"href":"https:\/\/uj.adatbank.ro\/lexikon\/wp-json\/wp\/v2\/product_tag?post=9384"}],"curies":[{"name":"wp","href":"https:\/\/api.w.org\/{rel}","templated":true}]}}