{"id":9385,"date":"2025-06-29T10:58:57","date_gmt":"2025-06-29T08:58:57","guid":{"rendered":"https:\/\/uj.adatbank.ro\/lexikon\/termek\/gyulai-ferenc-3\/"},"modified":"2025-06-29T10:58:57","modified_gmt":"2025-06-29T08:58:57","slug":"gyulai-ferenc-3","status":"publish","type":"product","link":"https:\/\/uj.adatbank.ro\/lexikon\/termek\/gyulai-ferenc-3\/","title":{"rendered":"GYULAI Ferenc"},"content":{"rendered":"<p>1858.? \u2020 Mv., 1928. szept. 18.: temetkez\u00e9si v\u00e1llalkoz\u00f3. \u2013 Testv\u00e9re: Gy. Zsuzs\u00e1nna id. Csisz\u00e1r Lajosn\u00e9. \u2013 Feles\u00e9ge: Szathm\u00e1ry Jozefa (1862.?. \u2013 Mv., 1919. \u00e1pr. 13.). Le\u00e1nyaik: Gy. K. Margit \u00e9s Jozefa. \u2013 Mv.-en temetkez\u00e9si v\u00e1llalkoz\u00f3, volt kopors\u00f3 rakt\u00e1ra is (Kossuth u. 1., 1892 \u2013 1912 k. is). A Gy. testv\u00e9reknek d\u00edsztemetkez\u00e9si int\u00e9zet\u00e9t is hirdett\u00e9k (1912). <br \/><strong>Irod.:<\/strong> Gy\u00e1szjelent\u0151; Id\u0151t\u00e1r 5 \/1.; Szentgy\u00f6rgyi<\/br><\/p>\n","protected":false},"excerpt":{"rendered":"<p>1858.? \u2020 Mv., 1928. szept. 18.: temetkez\u00e9si v\u00e1llalkoz\u00f3. \u2013 Testv\u00e9re: Gy. Zsuzs\u00e1nna id. Csisz\u00e1r Lajosn\u00e9. \u2013 Feles\u00e9ge: Szathm\u00e1ry Jozefa (1862.?. \u2013 Mv., 1919. \u00e1pr. 13.). Le\u00e1nyaik: Gy. K. Margit \u00e9s Jozefa. \u2013 Mv.-en temetkez\u00e9si v\u00e1llalkoz\u00f3, volt kopors\u00f3 rakt\u00e1ra is (Kossuth u. 1., 1892 \u2013 1912 k. is). A Gy. testv\u00e9reknek d\u00edsztemetkez\u00e9si int\u00e9zet\u00e9t is hirdett\u00e9k (1912). [&hellip;]<\/p>\n","protected":false},"featured_media":0,"comment_status":"open","ping_status":"closed","template":"","meta":[],"product_brand":[],"product_cat":[137],"product_tag":[],"class_list":{"0":"post-9385","1":"product","2":"type-product","3":"status-publish","5":"product_cat-maros-megyei-eletrajzi-lexikon","7":"first","8":"instock","9":"shipping-taxable","10":"product-type-simple"},"_links":{"self":[{"href":"https:\/\/uj.adatbank.ro\/lexikon\/wp-json\/wp\/v2\/product\/9385","targetHints":{"allow":["GET"]}}],"collection":[{"href":"https:\/\/uj.adatbank.ro\/lexikon\/wp-json\/wp\/v2\/product"}],"about":[{"href":"https:\/\/uj.adatbank.ro\/lexikon\/wp-json\/wp\/v2\/types\/product"}],"replies":[{"embeddable":true,"href":"https:\/\/uj.adatbank.ro\/lexikon\/wp-json\/wp\/v2\/comments?post=9385"}],"wp:attachment":[{"href":"https:\/\/uj.adatbank.ro\/lexikon\/wp-json\/wp\/v2\/media?parent=9385"}],"wp:term":[{"taxonomy":"product_brand","embeddable":true,"href":"https:\/\/uj.adatbank.ro\/lexikon\/wp-json\/wp\/v2\/product_brand?post=9385"},{"taxonomy":"product_cat","embeddable":true,"href":"https:\/\/uj.adatbank.ro\/lexikon\/wp-json\/wp\/v2\/product_cat?post=9385"},{"taxonomy":"product_tag","embeddable":true,"href":"https:\/\/uj.adatbank.ro\/lexikon\/wp-json\/wp\/v2\/product_tag?post=9385"}],"curies":[{"name":"wp","href":"https:\/\/api.w.org\/{rel}","templated":true}]}}