{"id":9387,"date":"2025-06-29T10:59:00","date_gmt":"2025-06-29T08:59:00","guid":{"rendered":"https:\/\/uj.adatbank.ro\/lexikon\/termek\/gyulai-istvan\/"},"modified":"2025-06-29T10:59:00","modified_gmt":"2025-06-29T08:59:00","slug":"gyulai-istvan","status":"publish","type":"product","link":"https:\/\/uj.adatbank.ro\/lexikon\/termek\/gyulai-istvan\/","title":{"rendered":"GYULAI Istv\u00e1n"},"content":{"rendered":"<p>Mv., 1922. j\u00fal. 31., \u2020\u00a0?: gy\u00f3gyszer\u00e9sz. \u2013 \u00c9retts\u00e9gizett Mv.-en a Papiu Ilarian Lic.-ban (1940); gy\u00f3gyszer\u00e9sz oklevelet szerzett Szegeden (1945). Mv.-en \u00e9dsapja gy\u00f3gyszert\u00e1r\u00e1ban gyakornok (1945\u201349), rendel\u0151int\u00e9zeti (1949\u201350), a tartom\u00e1nyi eg\u00e9szs\u00e9g\u00fcgyi oszt\u00e1ly alkalmazottja (1950\u201352), a mv.-i gy\u00f3gyszerv\u00e1llalat rakt\u00e1rf\u0151n\u00f6ke (1952\u201385). Kiv\u00e1ll\u00f3 gy\u00f3gyszer\u00e9sz (1980). <br \/><strong>Irod.:<\/strong> KKACs<\/br><\/p>\n","protected":false},"excerpt":{"rendered":"<p>Mv., 1922. j\u00fal. 31., \u2020\u00a0?: gy\u00f3gyszer\u00e9sz. \u2013 \u00c9retts\u00e9gizett Mv.-en a Papiu Ilarian Lic.-ban (1940); gy\u00f3gyszer\u00e9sz oklevelet szerzett Szegeden (1945). Mv.-en \u00e9dsapja gy\u00f3gyszert\u00e1r\u00e1ban gyakornok (1945\u201349), rendel\u0151int\u00e9zeti (1949\u201350), a tartom\u00e1nyi eg\u00e9szs\u00e9g\u00fcgyi oszt\u00e1ly alkalmazottja (1950\u201352), a mv.-i gy\u00f3gyszerv\u00e1llalat rakt\u00e1rf\u0151n\u00f6ke (1952\u201385). Kiv\u00e1ll\u00f3 gy\u00f3gyszer\u00e9sz (1980). Irod.: KKACs<\/p>\n","protected":false},"featured_media":0,"comment_status":"open","ping_status":"closed","template":"","meta":[],"product_brand":[],"product_cat":[137],"product_tag":[],"class_list":{"0":"post-9387","1":"product","2":"type-product","3":"status-publish","5":"product_cat-maros-megyei-eletrajzi-lexikon","7":"first","8":"instock","9":"shipping-taxable","10":"product-type-simple"},"_links":{"self":[{"href":"https:\/\/uj.adatbank.ro\/lexikon\/wp-json\/wp\/v2\/product\/9387","targetHints":{"allow":["GET"]}}],"collection":[{"href":"https:\/\/uj.adatbank.ro\/lexikon\/wp-json\/wp\/v2\/product"}],"about":[{"href":"https:\/\/uj.adatbank.ro\/lexikon\/wp-json\/wp\/v2\/types\/product"}],"replies":[{"embeddable":true,"href":"https:\/\/uj.adatbank.ro\/lexikon\/wp-json\/wp\/v2\/comments?post=9387"}],"wp:attachment":[{"href":"https:\/\/uj.adatbank.ro\/lexikon\/wp-json\/wp\/v2\/media?parent=9387"}],"wp:term":[{"taxonomy":"product_brand","embeddable":true,"href":"https:\/\/uj.adatbank.ro\/lexikon\/wp-json\/wp\/v2\/product_brand?post=9387"},{"taxonomy":"product_cat","embeddable":true,"href":"https:\/\/uj.adatbank.ro\/lexikon\/wp-json\/wp\/v2\/product_cat?post=9387"},{"taxonomy":"product_tag","embeddable":true,"href":"https:\/\/uj.adatbank.ro\/lexikon\/wp-json\/wp\/v2\/product_tag?post=9387"}],"curies":[{"name":"wp","href":"https:\/\/api.w.org\/{rel}","templated":true}]}}