{"id":9389,"date":"2025-06-29T10:59:06","date_gmt":"2025-06-29T08:59:06","guid":{"rendered":"https:\/\/uj.adatbank.ro\/lexikon\/termek\/gyulai-jozsef\/"},"modified":"2025-06-29T10:59:06","modified_gmt":"2025-06-29T08:59:06","slug":"gyulai-jozsef","status":"publish","type":"product","link":"https:\/\/uj.adatbank.ro\/lexikon\/termek\/gyulai-jozsef\/","title":{"rendered":"GYULAI J\u00f3zsef"},"content":{"rendered":"<p>Abaf\u00e1ja, 1884., \u2020\u00a0?: vend\u00e9gl\u0151s. \u2013 Iskol\u00e1i elv\u00e9gz\u00e9se ut\u00e1n a vend\u00e9gl\u00e1t\u00f3ipart tanulta \u00e9s Bp.-en a Szikszay vend\u00e9gl\u0151ben gyakorlatozott. Sz\u00e1szr\u00e9genben lett \u00f6n\u00e1ll\u00f3. K\u00e9s\u0151bb Ny\u00e1r\u00e1dszered\u00e1ban nyitott vend\u00e9gl\u0151t. Az els\u0151 vh.-ban mint \u0151rmester a tiszti \u00e9tkezde vezet\u0151je volt. <br \/><strong>Irod.:<\/strong> Sz\u00e9kelyf\u00f6ld \u00ed. k.<\/br><\/p>\n","protected":false},"excerpt":{"rendered":"<p>Abaf\u00e1ja, 1884., \u2020\u00a0?: vend\u00e9gl\u0151s. \u2013 Iskol\u00e1i elv\u00e9gz\u00e9se ut\u00e1n a vend\u00e9gl\u00e1t\u00f3ipart tanulta \u00e9s Bp.-en a Szikszay vend\u00e9gl\u0151ben gyakorlatozott. Sz\u00e1szr\u00e9genben lett \u00f6n\u00e1ll\u00f3. K\u00e9s\u0151bb Ny\u00e1r\u00e1dszered\u00e1ban nyitott vend\u00e9gl\u0151t. Az els\u0151 vh.-ban mint \u0151rmester a tiszti \u00e9tkezde vezet\u0151je volt. Irod.: Sz\u00e9kelyf\u00f6ld \u00ed. k.<\/p>\n","protected":false},"featured_media":0,"comment_status":"open","ping_status":"closed","template":"","meta":[],"product_brand":[],"product_cat":[137],"product_tag":[],"class_list":{"0":"post-9389","1":"product","2":"type-product","3":"status-publish","5":"product_cat-maros-megyei-eletrajzi-lexikon","7":"first","8":"instock","9":"shipping-taxable","10":"product-type-simple"},"_links":{"self":[{"href":"https:\/\/uj.adatbank.ro\/lexikon\/wp-json\/wp\/v2\/product\/9389","targetHints":{"allow":["GET"]}}],"collection":[{"href":"https:\/\/uj.adatbank.ro\/lexikon\/wp-json\/wp\/v2\/product"}],"about":[{"href":"https:\/\/uj.adatbank.ro\/lexikon\/wp-json\/wp\/v2\/types\/product"}],"replies":[{"embeddable":true,"href":"https:\/\/uj.adatbank.ro\/lexikon\/wp-json\/wp\/v2\/comments?post=9389"}],"wp:attachment":[{"href":"https:\/\/uj.adatbank.ro\/lexikon\/wp-json\/wp\/v2\/media?parent=9389"}],"wp:term":[{"taxonomy":"product_brand","embeddable":true,"href":"https:\/\/uj.adatbank.ro\/lexikon\/wp-json\/wp\/v2\/product_brand?post=9389"},{"taxonomy":"product_cat","embeddable":true,"href":"https:\/\/uj.adatbank.ro\/lexikon\/wp-json\/wp\/v2\/product_cat?post=9389"},{"taxonomy":"product_tag","embeddable":true,"href":"https:\/\/uj.adatbank.ro\/lexikon\/wp-json\/wp\/v2\/product_tag?post=9389"}],"curies":[{"name":"wp","href":"https:\/\/api.w.org\/{rel}","templated":true}]}}