{"id":9391,"date":"2025-06-29T10:59:08","date_gmt":"2025-06-29T08:59:08","guid":{"rendered":"https:\/\/uj.adatbank.ro\/lexikon\/termek\/gyulai-laszlo\/"},"modified":"2025-06-29T10:59:08","modified_gmt":"2025-06-29T08:59:08","slug":"gyulai-laszlo","status":"publish","type":"product","link":"https:\/\/uj.adatbank.ro\/lexikon\/termek\/gyulai-laszlo\/","title":{"rendered":"GYULAI L\u00e1szl\u00f3"},"content":{"rendered":"<p>? \u2020\u00a0?: \u00e9p\u00edt\u00e9sz. \u2013 Feles\u00e9ge: muraji Szil\u00e1gyi Nina (\u20201941. szept. 29.). \u2013 Mv.-en \u00e9p\u00edtette a Harcsa u. 2\/B sz. alatti h\u00e1zat, Nagy Vilma tulajdonos r\u00e9sz\u00e9re (1925); a Radnai u. 59. sz. alatti szecesszi\u00f3s st\u00edlus\u00fa h\u00e1zat Filimon Augustin tulajdonos r\u00e9sz\u00e9re (1927); a Kistemplom t\u00e9ren a 13. sz. alattit Simon L\u00e1szl\u00f3 r\u00e9sz\u00e9re (1927). <br \/><strong>Irod.:<\/strong> Man: Tg. M., 3.<\/br><\/p>\n","protected":false},"excerpt":{"rendered":"<p>? \u2020\u00a0?: \u00e9p\u00edt\u00e9sz. \u2013 Feles\u00e9ge: muraji Szil\u00e1gyi Nina (\u20201941. szept. 29.). \u2013 Mv.-en \u00e9p\u00edtette a Harcsa u. 2\/B sz. alatti h\u00e1zat, Nagy Vilma tulajdonos r\u00e9sz\u00e9re (1925); a Radnai u. 59. sz. alatti szecesszi\u00f3s st\u00edlus\u00fa h\u00e1zat Filimon Augustin tulajdonos r\u00e9sz\u00e9re (1927); a Kistemplom t\u00e9ren a 13. sz. alattit Simon L\u00e1szl\u00f3 r\u00e9sz\u00e9re (1927). Irod.: Man: Tg. M., [&hellip;]<\/p>\n","protected":false},"featured_media":0,"comment_status":"open","ping_status":"closed","template":"","meta":[],"product_brand":[],"product_cat":[137],"product_tag":[],"class_list":{"0":"post-9391","1":"product","2":"type-product","3":"status-publish","5":"product_cat-maros-megyei-eletrajzi-lexikon","7":"first","8":"instock","9":"shipping-taxable","10":"product-type-simple"},"_links":{"self":[{"href":"https:\/\/uj.adatbank.ro\/lexikon\/wp-json\/wp\/v2\/product\/9391","targetHints":{"allow":["GET"]}}],"collection":[{"href":"https:\/\/uj.adatbank.ro\/lexikon\/wp-json\/wp\/v2\/product"}],"about":[{"href":"https:\/\/uj.adatbank.ro\/lexikon\/wp-json\/wp\/v2\/types\/product"}],"replies":[{"embeddable":true,"href":"https:\/\/uj.adatbank.ro\/lexikon\/wp-json\/wp\/v2\/comments?post=9391"}],"wp:attachment":[{"href":"https:\/\/uj.adatbank.ro\/lexikon\/wp-json\/wp\/v2\/media?parent=9391"}],"wp:term":[{"taxonomy":"product_brand","embeddable":true,"href":"https:\/\/uj.adatbank.ro\/lexikon\/wp-json\/wp\/v2\/product_brand?post=9391"},{"taxonomy":"product_cat","embeddable":true,"href":"https:\/\/uj.adatbank.ro\/lexikon\/wp-json\/wp\/v2\/product_cat?post=9391"},{"taxonomy":"product_tag","embeddable":true,"href":"https:\/\/uj.adatbank.ro\/lexikon\/wp-json\/wp\/v2\/product_tag?post=9391"}],"curies":[{"name":"wp","href":"https:\/\/api.w.org\/{rel}","templated":true}]}}