{"id":9398,"date":"2025-06-29T10:59:24","date_gmt":"2025-06-29T08:59:24","guid":{"rendered":"https:\/\/uj.adatbank.ro\/lexikon\/termek\/gyulakuthy-miklos\/"},"modified":"2025-06-29T10:59:24","modified_gmt":"2025-06-29T08:59:24","slug":"gyulakuthy-miklos","status":"publish","type":"product","link":"https:\/\/uj.adatbank.ro\/lexikon\/termek\/gyulakuthy-miklos\/","title":{"rendered":"GYULAKUTHY Mikl\u00f3s"},"content":{"rendered":"<p>? \u2020 ? : A marosszentkir\u00e1lyi kolostornak adom\u00e1nyt tett, amihez misev\u00e9gz\u00e9si k\u00f6teless\u00e9g is tartozott (1509). <br \/><strong>Irod.:<\/strong> L\u00e9sty\u00e1n Ferenc: Erd\u00e9ly egykori szent \u00e9let\u0171 seg\u00e9dp\u00fcsp\u00f6ke Marosszentkir\u00e1lyon (N\u00fa., 1997. m\u00e1j. 6.)<\/br><\/p>\n","protected":false},"excerpt":{"rendered":"<p>? \u2020 ? : A marosszentkir\u00e1lyi kolostornak adom\u00e1nyt tett, amihez misev\u00e9gz\u00e9si k\u00f6teless\u00e9g is tartozott (1509). Irod.: L\u00e9sty\u00e1n Ferenc: Erd\u00e9ly egykori szent \u00e9let\u0171 seg\u00e9dp\u00fcsp\u00f6ke Marosszentkir\u00e1lyon (N\u00fa., 1997. m\u00e1j. 6.)<\/p>\n","protected":false},"featured_media":0,"comment_status":"open","ping_status":"closed","template":"","meta":[],"product_brand":[],"product_cat":[137],"product_tag":[],"class_list":{"0":"post-9398","1":"product","2":"type-product","3":"status-publish","5":"product_cat-maros-megyei-eletrajzi-lexikon","7":"first","8":"instock","9":"shipping-taxable","10":"product-type-simple"},"_links":{"self":[{"href":"https:\/\/uj.adatbank.ro\/lexikon\/wp-json\/wp\/v2\/product\/9398","targetHints":{"allow":["GET"]}}],"collection":[{"href":"https:\/\/uj.adatbank.ro\/lexikon\/wp-json\/wp\/v2\/product"}],"about":[{"href":"https:\/\/uj.adatbank.ro\/lexikon\/wp-json\/wp\/v2\/types\/product"}],"replies":[{"embeddable":true,"href":"https:\/\/uj.adatbank.ro\/lexikon\/wp-json\/wp\/v2\/comments?post=9398"}],"wp:attachment":[{"href":"https:\/\/uj.adatbank.ro\/lexikon\/wp-json\/wp\/v2\/media?parent=9398"}],"wp:term":[{"taxonomy":"product_brand","embeddable":true,"href":"https:\/\/uj.adatbank.ro\/lexikon\/wp-json\/wp\/v2\/product_brand?post=9398"},{"taxonomy":"product_cat","embeddable":true,"href":"https:\/\/uj.adatbank.ro\/lexikon\/wp-json\/wp\/v2\/product_cat?post=9398"},{"taxonomy":"product_tag","embeddable":true,"href":"https:\/\/uj.adatbank.ro\/lexikon\/wp-json\/wp\/v2\/product_tag?post=9398"}],"curies":[{"name":"wp","href":"https:\/\/api.w.org\/{rel}","templated":true}]}}