{"id":9401,"date":"2025-06-29T10:59:29","date_gmt":"2025-06-29T08:59:29","guid":{"rendered":"https:\/\/uj.adatbank.ro\/lexikon\/termek\/gyulay-ferenc-marosnemeti-es-nadaskai-gr-3\/"},"modified":"2025-06-29T10:59:29","modified_gmt":"2025-06-29T08:59:29","slug":"gyulay-ferenc-marosnemeti-es-nadaskai-gr-3","status":"publish","type":"product","link":"https:\/\/uj.adatbank.ro\/lexikon\/termek\/gyulay-ferenc-marosnemeti-es-nadaskai-gr-3\/","title":{"rendered":"GYULAY Ferenc, marosn\u00e9meti \u00e9s n\u00e1daskai gr."},"content":{"rendered":"<p>1765 \u2020 1807. m\u00e1rc. 4.: birtokos. \u2013 Gy. J\u00f3zsef k\u0151v\u00e1ri kapit\u00e1ny \u00e9s J\u00f3sika M\u00e1ria fia. H\u00faga: Katalin Bethlen \u00c1d\u00e1mn\u00e9. Feles\u00e9ge: Kats\u00e1ndi \/ Kacs\u00e1ndi Zsuzsanna (1767 \u2013 Kv., 1826. j\u00fan. 23., az \u00f3andr\u00e1sfalvi j\u00f3sz\u00e1gon temett\u00e9k). Gyermekeik: Lajos (1800\u20131869), Karolina br. Frimont P\u00e9tern\u00e9, Franciska Wass Gy\u00f6rgyn\u00e9, Konstancia osdolai Ku\u00fan L\u00e1szl\u00f3n\u00e9 (Ny\u00e1r\u00e1dandr\u00e1sfalva, 1802\u20131828), Anna M\u00e1ria. \u2013 Marosbog\u00e1ton f\u00f6ldbirtokos. <br \/><strong>Irod.:<\/strong> Bicsok-Orb\u00e1n, Gy\u00e1szjelent\u0151; P\u00e1lmay; Tompa J\u00e1nos: A&#8217; j\u00f3 kereszty\u00e9n \u00e9des atya. Halotti besz\u00e9d gr. Gy. F. temet\u00e9si pomp\u00e1j\u00e1ra, elmondotta a&#8217; szenterzs\u00e9beti ref. templomban 1807. m\u00e1rc\u00e1nak 22. (Mv., 1807)<\/br><\/p>\n","protected":false},"excerpt":{"rendered":"<p>1765 \u2020 1807. m\u00e1rc. 4.: birtokos. \u2013 Gy. J\u00f3zsef k\u0151v\u00e1ri kapit\u00e1ny \u00e9s J\u00f3sika M\u00e1ria fia. H\u00faga: Katalin Bethlen \u00c1d\u00e1mn\u00e9. Feles\u00e9ge: Kats\u00e1ndi \/ Kacs\u00e1ndi Zsuzsanna (1767 \u2013 Kv., 1826. j\u00fan. 23., az \u00f3andr\u00e1sfalvi j\u00f3sz\u00e1gon temett\u00e9k). Gyermekeik: Lajos (1800\u20131869), Karolina br. Frimont P\u00e9tern\u00e9, Franciska Wass Gy\u00f6rgyn\u00e9, Konstancia osdolai Ku\u00fan L\u00e1szl\u00f3n\u00e9 (Ny\u00e1r\u00e1dandr\u00e1sfalva, 1802\u20131828), Anna M\u00e1ria. \u2013 Marosbog\u00e1ton f\u00f6ldbirtokos. [&hellip;]<\/p>\n","protected":false},"featured_media":0,"comment_status":"open","ping_status":"closed","template":"","meta":[],"product_brand":[],"product_cat":[137],"product_tag":[],"class_list":{"0":"post-9401","1":"product","2":"type-product","3":"status-publish","5":"product_cat-maros-megyei-eletrajzi-lexikon","7":"first","8":"instock","9":"shipping-taxable","10":"product-type-simple"},"_links":{"self":[{"href":"https:\/\/uj.adatbank.ro\/lexikon\/wp-json\/wp\/v2\/product\/9401","targetHints":{"allow":["GET"]}}],"collection":[{"href":"https:\/\/uj.adatbank.ro\/lexikon\/wp-json\/wp\/v2\/product"}],"about":[{"href":"https:\/\/uj.adatbank.ro\/lexikon\/wp-json\/wp\/v2\/types\/product"}],"replies":[{"embeddable":true,"href":"https:\/\/uj.adatbank.ro\/lexikon\/wp-json\/wp\/v2\/comments?post=9401"}],"wp:attachment":[{"href":"https:\/\/uj.adatbank.ro\/lexikon\/wp-json\/wp\/v2\/media?parent=9401"}],"wp:term":[{"taxonomy":"product_brand","embeddable":true,"href":"https:\/\/uj.adatbank.ro\/lexikon\/wp-json\/wp\/v2\/product_brand?post=9401"},{"taxonomy":"product_cat","embeddable":true,"href":"https:\/\/uj.adatbank.ro\/lexikon\/wp-json\/wp\/v2\/product_cat?post=9401"},{"taxonomy":"product_tag","embeddable":true,"href":"https:\/\/uj.adatbank.ro\/lexikon\/wp-json\/wp\/v2\/product_tag?post=9401"}],"curies":[{"name":"wp","href":"https:\/\/api.w.org\/{rel}","templated":true}]}}