{"id":9403,"date":"2025-06-29T10:59:32","date_gmt":"2025-06-29T08:59:32","guid":{"rendered":"https:\/\/uj.adatbank.ro\/lexikon\/termek\/gyulay-istvan-marosnemeti-gr\/"},"modified":"2025-06-29T10:59:32","modified_gmt":"2025-06-29T08:59:32","slug":"gyulay-istvan-marosnemeti-gr","status":"publish","type":"product","link":"https:\/\/uj.adatbank.ro\/lexikon\/termek\/gyulay-istvan-marosnemeti-gr\/","title":{"rendered":"GYULAY Istv\u00e1n, marosn\u00e9meti gr."},"content":{"rendered":"<p>1761., \u2020 1816. m\u00e1j. 29.: cs. kir. kamar\u00e1s. \u2013 Gyulai J\u00f3zsef \u00e9s gr. Haller Karolina fia. Gy. Katalin \u00f6ccse. Halotti c\u00edmere a kv.-i Farkas utcai templomban tal\u00e1lhat\u00f3. \u2013 F\u00f6ldbirtokos Kiss\u00e1rm\u00e1sban. <br \/><strong>Irod.:<\/strong> Entz\u2013Kov\u00e1cs; S\u0103rma\u015fu<\/br><\/p>\n","protected":false},"excerpt":{"rendered":"<p>1761., \u2020 1816. m\u00e1j. 29.: cs. kir. kamar\u00e1s. \u2013 Gyulai J\u00f3zsef \u00e9s gr. Haller Karolina fia. Gy. Katalin \u00f6ccse. Halotti c\u00edmere a kv.-i Farkas utcai templomban tal\u00e1lhat\u00f3. \u2013 F\u00f6ldbirtokos Kiss\u00e1rm\u00e1sban. Irod.: Entz\u2013Kov\u00e1cs; S\u0103rma\u015fu<\/p>\n","protected":false},"featured_media":0,"comment_status":"open","ping_status":"closed","template":"","meta":[],"product_brand":[],"product_cat":[137],"product_tag":[],"class_list":{"0":"post-9403","1":"product","2":"type-product","3":"status-publish","5":"product_cat-maros-megyei-eletrajzi-lexikon","7":"first","8":"instock","9":"shipping-taxable","10":"product-type-simple"},"_links":{"self":[{"href":"https:\/\/uj.adatbank.ro\/lexikon\/wp-json\/wp\/v2\/product\/9403","targetHints":{"allow":["GET"]}}],"collection":[{"href":"https:\/\/uj.adatbank.ro\/lexikon\/wp-json\/wp\/v2\/product"}],"about":[{"href":"https:\/\/uj.adatbank.ro\/lexikon\/wp-json\/wp\/v2\/types\/product"}],"replies":[{"embeddable":true,"href":"https:\/\/uj.adatbank.ro\/lexikon\/wp-json\/wp\/v2\/comments?post=9403"}],"wp:attachment":[{"href":"https:\/\/uj.adatbank.ro\/lexikon\/wp-json\/wp\/v2\/media?parent=9403"}],"wp:term":[{"taxonomy":"product_brand","embeddable":true,"href":"https:\/\/uj.adatbank.ro\/lexikon\/wp-json\/wp\/v2\/product_brand?post=9403"},{"taxonomy":"product_cat","embeddable":true,"href":"https:\/\/uj.adatbank.ro\/lexikon\/wp-json\/wp\/v2\/product_cat?post=9403"},{"taxonomy":"product_tag","embeddable":true,"href":"https:\/\/uj.adatbank.ro\/lexikon\/wp-json\/wp\/v2\/product_tag?post=9403"}],"curies":[{"name":"wp","href":"https:\/\/api.w.org\/{rel}","templated":true}]}}