{"id":9404,"date":"2025-06-29T10:59:35","date_gmt":"2025-06-29T08:59:35","guid":{"rendered":"https:\/\/uj.adatbank.ro\/lexikon\/termek\/gyulay-klara-marosnemeti-es-nadaskai-gr-bethlen-imrene\/"},"modified":"2025-06-29T10:59:35","modified_gmt":"2025-06-29T08:59:35","slug":"gyulay-klara-marosnemeti-es-nadaskai-gr-bethlen-imrene","status":"publish","type":"product","link":"https:\/\/uj.adatbank.ro\/lexikon\/termek\/gyulay-klara-marosnemeti-es-nadaskai-gr-bethlen-imrene\/","title":{"rendered":"GYULAY Kl\u00e1ra, marosn\u00e9meti \u00e9s n\u00e1daskai, gr., Bethlen Imr\u00e9n\u00e9"},"content":{"rendered":"<p>B\u00e9cs, 1710. \u00e1pr. 11. \u2020\u00a01757.: f\u00f6ldbirtokos. \u2013 Sz\u00fclei Gy. Ferenc (1674\u20131728) alt\u00e1bornagy \u00e9s gr. losonci B\u00e1nffy M\u00e1ria. Bethlen Imre feles\u00e9ge (1728\u2013). Gyermekei: Kl\u00e1ra (1731\u20131757), M\u00e1ria (\u2020 1757). -Az irodalom p\u00e1rtfog\u00f3ja, m. nyelv\u0171 k\u00f6nyvek gy\u0171jt\u0151je. K\u00f6nyvt\u00e1r\u00e1t a sz\u00e9kelyudvarhelyi Ref. Koll. \u0151rzi. <br \/><strong>Irod.:<\/strong> \u00c1rva Bethlen Kata; Kempelen; Lukinich; Wessel\u00e9nyi Istv\u00e1n<\/br><\/p>\n","protected":false},"excerpt":{"rendered":"<p>B\u00e9cs, 1710. \u00e1pr. 11. \u2020\u00a01757.: f\u00f6ldbirtokos. \u2013 Sz\u00fclei Gy. Ferenc (1674\u20131728) alt\u00e1bornagy \u00e9s gr. losonci B\u00e1nffy M\u00e1ria. Bethlen Imre feles\u00e9ge (1728\u2013). Gyermekei: Kl\u00e1ra (1731\u20131757), M\u00e1ria (\u2020 1757). -Az irodalom p\u00e1rtfog\u00f3ja, m. nyelv\u0171 k\u00f6nyvek gy\u0171jt\u0151je. K\u00f6nyvt\u00e1r\u00e1t a sz\u00e9kelyudvarhelyi Ref. Koll. \u0151rzi. Irod.: \u00c1rva Bethlen Kata; Kempelen; Lukinich; Wessel\u00e9nyi Istv\u00e1n<\/p>\n","protected":false},"featured_media":0,"comment_status":"open","ping_status":"closed","template":"","meta":[],"product_brand":[],"product_cat":[137],"product_tag":[],"class_list":{"0":"post-9404","1":"product","2":"type-product","3":"status-publish","5":"product_cat-maros-megyei-eletrajzi-lexikon","7":"first","8":"instock","9":"shipping-taxable","10":"product-type-simple"},"_links":{"self":[{"href":"https:\/\/uj.adatbank.ro\/lexikon\/wp-json\/wp\/v2\/product\/9404","targetHints":{"allow":["GET"]}}],"collection":[{"href":"https:\/\/uj.adatbank.ro\/lexikon\/wp-json\/wp\/v2\/product"}],"about":[{"href":"https:\/\/uj.adatbank.ro\/lexikon\/wp-json\/wp\/v2\/types\/product"}],"replies":[{"embeddable":true,"href":"https:\/\/uj.adatbank.ro\/lexikon\/wp-json\/wp\/v2\/comments?post=9404"}],"wp:attachment":[{"href":"https:\/\/uj.adatbank.ro\/lexikon\/wp-json\/wp\/v2\/media?parent=9404"}],"wp:term":[{"taxonomy":"product_brand","embeddable":true,"href":"https:\/\/uj.adatbank.ro\/lexikon\/wp-json\/wp\/v2\/product_brand?post=9404"},{"taxonomy":"product_cat","embeddable":true,"href":"https:\/\/uj.adatbank.ro\/lexikon\/wp-json\/wp\/v2\/product_cat?post=9404"},{"taxonomy":"product_tag","embeddable":true,"href":"https:\/\/uj.adatbank.ro\/lexikon\/wp-json\/wp\/v2\/product_tag?post=9404"}],"curies":[{"name":"wp","href":"https:\/\/api.w.org\/{rel}","templated":true}]}}