{"id":9405,"date":"2025-06-29T10:59:37","date_gmt":"2025-06-29T08:59:37","guid":{"rendered":"https:\/\/uj.adatbank.ro\/lexikon\/termek\/gyulay-konstancia-marosnemeti-es-nadaskai-gr-kuun-laszlone\/"},"modified":"2025-06-29T10:59:37","modified_gmt":"2025-06-29T08:59:37","slug":"gyulay-konstancia-marosnemeti-es-nadaskai-gr-kuun-laszlone","status":"publish","type":"product","link":"https:\/\/uj.adatbank.ro\/lexikon\/termek\/gyulay-konstancia-marosnemeti-es-nadaskai-gr-kuun-laszlone\/","title":{"rendered":"GYULAY Konstancia, marosn\u00e9meti \u00e9s n\u00e1daskai gr; Kuun L\u00e1szl\u00f3n\u00e9"},"content":{"rendered":"<p>Ny\u00e1r\u00e1dandr\u00e1sfalva-Ny\u00e1r\u00e1sszereda, 1802. nov. 11 \u2020\u00a0G\u00f6rz, 1873. m\u00e1j. 20.: f\u00f6ldbirtokos. \u2013 Gy. Ferenc \u00e9s koh\u00e1nyi Kacs\u00e1ndy Zsuzsanna le\u00e1nya. F\u00e9rjhez ment K\u00fan L\u00e1szl\u00f3hoz (Marosn\u00e9meti, 1828). <br \/><strong>Irod.:<\/strong> Gudenus<\/br><\/p>\n","protected":false},"excerpt":{"rendered":"<p>Ny\u00e1r\u00e1dandr\u00e1sfalva-Ny\u00e1r\u00e1sszereda, 1802. nov. 11 \u2020\u00a0G\u00f6rz, 1873. m\u00e1j. 20.: f\u00f6ldbirtokos. \u2013 Gy. Ferenc \u00e9s koh\u00e1nyi Kacs\u00e1ndy Zsuzsanna le\u00e1nya. F\u00e9rjhez ment K\u00fan L\u00e1szl\u00f3hoz (Marosn\u00e9meti, 1828). Irod.: Gudenus<\/p>\n","protected":false},"featured_media":0,"comment_status":"open","ping_status":"closed","template":"","meta":[],"product_brand":[],"product_cat":[137],"product_tag":[],"class_list":{"0":"post-9405","1":"product","2":"type-product","3":"status-publish","5":"product_cat-maros-megyei-eletrajzi-lexikon","7":"first","8":"instock","9":"shipping-taxable","10":"product-type-simple"},"_links":{"self":[{"href":"https:\/\/uj.adatbank.ro\/lexikon\/wp-json\/wp\/v2\/product\/9405","targetHints":{"allow":["GET"]}}],"collection":[{"href":"https:\/\/uj.adatbank.ro\/lexikon\/wp-json\/wp\/v2\/product"}],"about":[{"href":"https:\/\/uj.adatbank.ro\/lexikon\/wp-json\/wp\/v2\/types\/product"}],"replies":[{"embeddable":true,"href":"https:\/\/uj.adatbank.ro\/lexikon\/wp-json\/wp\/v2\/comments?post=9405"}],"wp:attachment":[{"href":"https:\/\/uj.adatbank.ro\/lexikon\/wp-json\/wp\/v2\/media?parent=9405"}],"wp:term":[{"taxonomy":"product_brand","embeddable":true,"href":"https:\/\/uj.adatbank.ro\/lexikon\/wp-json\/wp\/v2\/product_brand?post=9405"},{"taxonomy":"product_cat","embeddable":true,"href":"https:\/\/uj.adatbank.ro\/lexikon\/wp-json\/wp\/v2\/product_cat?post=9405"},{"taxonomy":"product_tag","embeddable":true,"href":"https:\/\/uj.adatbank.ro\/lexikon\/wp-json\/wp\/v2\/product_tag?post=9405"}],"curies":[{"name":"wp","href":"https:\/\/api.w.org\/{rel}","templated":true}]}}