{"id":9422,"date":"2025-06-29T12:43:47","date_gmt":"2025-06-29T10:43:47","guid":{"rendered":"https:\/\/uj.adatbank.ro\/lexikon\/termek\/hadfaludi-istvan\/"},"modified":"2025-06-29T12:43:47","modified_gmt":"2025-06-29T10:43:47","slug":"hadfaludi-istvan","status":"publish","type":"product","link":"https:\/\/uj.adatbank.ro\/lexikon\/termek\/hadfaludi-istvan\/","title":{"rendered":"HADFALUDI Istv\u00e1n"},"content":{"rendered":"<p>? \u2020\u00a0?: ?. \u2013 Feles\u00e9ge Teleki l\u00e1ny, aki r\u00e9v\u00e9n a tulajdon\u00e1ba ker\u00fclt a V\u00e1rhegyen \u00e9p\u00fclt (19. sz. v\u00e9g\u00e9n) \u00faj kast\u00e9ly, amit eladtak (1930-as \u00e9vek elej\u00e9n). Ebben a kast\u00e9lyban iskola m\u0171k\u00f6d\u00f6tt (1937\u201344), amikor bomba tal\u00e1lat \u00e9rte, majd lebontott\u00e1k (1952). <br \/><strong>Irod.:<\/strong> Keresztes Gyula: \u00d6r\u00f6ks\u00e9g\u00fcnk 36.: V\u00e1rhegy v\u00e1ra, kast\u00e9lyai, udvarh\u00e1za (N\u00fa., 1993. m\u00e1rc. 26.); <\/br><\/p>\n","protected":false},"excerpt":{"rendered":"<p>? \u2020\u00a0?: ?. \u2013 Feles\u00e9ge Teleki l\u00e1ny, aki r\u00e9v\u00e9n a tulajdon\u00e1ba ker\u00fclt a V\u00e1rhegyen \u00e9p\u00fclt (19. sz. v\u00e9g\u00e9n) \u00faj kast\u00e9ly, amit eladtak (1930-as \u00e9vek elej\u00e9n). Ebben a kast\u00e9lyban iskola m\u0171k\u00f6d\u00f6tt (1937\u201344), amikor bomba tal\u00e1lat \u00e9rte, majd lebontott\u00e1k (1952). Irod.: Keresztes Gyula: \u00d6r\u00f6ks\u00e9g\u00fcnk 36.: V\u00e1rhegy v\u00e1ra, kast\u00e9lyai, udvarh\u00e1za (N\u00fa., 1993. m\u00e1rc. 26.);<\/p>\n","protected":false},"featured_media":0,"comment_status":"open","ping_status":"closed","template":"","meta":[],"product_brand":[],"product_cat":[137],"product_tag":[],"class_list":{"0":"post-9422","1":"product","2":"type-product","3":"status-publish","5":"product_cat-maros-megyei-eletrajzi-lexikon","7":"first","8":"instock","9":"shipping-taxable","10":"product-type-simple"},"_links":{"self":[{"href":"https:\/\/uj.adatbank.ro\/lexikon\/wp-json\/wp\/v2\/product\/9422","targetHints":{"allow":["GET"]}}],"collection":[{"href":"https:\/\/uj.adatbank.ro\/lexikon\/wp-json\/wp\/v2\/product"}],"about":[{"href":"https:\/\/uj.adatbank.ro\/lexikon\/wp-json\/wp\/v2\/types\/product"}],"replies":[{"embeddable":true,"href":"https:\/\/uj.adatbank.ro\/lexikon\/wp-json\/wp\/v2\/comments?post=9422"}],"wp:attachment":[{"href":"https:\/\/uj.adatbank.ro\/lexikon\/wp-json\/wp\/v2\/media?parent=9422"}],"wp:term":[{"taxonomy":"product_brand","embeddable":true,"href":"https:\/\/uj.adatbank.ro\/lexikon\/wp-json\/wp\/v2\/product_brand?post=9422"},{"taxonomy":"product_cat","embeddable":true,"href":"https:\/\/uj.adatbank.ro\/lexikon\/wp-json\/wp\/v2\/product_cat?post=9422"},{"taxonomy":"product_tag","embeddable":true,"href":"https:\/\/uj.adatbank.ro\/lexikon\/wp-json\/wp\/v2\/product_tag?post=9422"}],"curies":[{"name":"wp","href":"https:\/\/api.w.org\/{rel}","templated":true}]}}