{"id":9425,"date":"2025-06-29T12:43:56","date_gmt":"2025-06-29T10:43:56","guid":{"rendered":"https:\/\/uj.adatbank.ro\/lexikon\/termek\/hadnagy-andras\/"},"modified":"2025-06-29T12:43:56","modified_gmt":"2025-06-29T10:43:56","slug":"hadnagy-andras","status":"publish","type":"product","link":"https:\/\/uj.adatbank.ro\/lexikon\/termek\/hadnagy-andras\/","title":{"rendered":"HADNAGY Andr\u00e1s"},"content":{"rendered":"<p>Cs\u00f3kfalva, 1864., \u2020\u00a0?: gazd\u00e1lkod\u00f3. \u2013 Iskol\u00e1i elv\u00e9gz\u00e9se ut\u00e1n katona volt a 2. husz\u00e1rezredben \u00e9s mint szakaszvezet\u0151 l\u00e9pett \u00e1t a rend\u0151rs\u00e9ghez, ahol \u00e9vekig Bp.-en szolg\u00e1lt \u00e9s mint f\u0151ellen\u0151r vonult nyugalomba, ezut\u00e1n sz\u0151l\u0151faluj\u00e1ban gazd\u00e1lkodott. Megyeb\u00edr\u00f3, az unit. egyh\u00e1z presbitere, tekint\u00e9lyes polg\u00e1ra volt a k\u00f6zs\u00e9gnek. Mint k\u00e9met letart\u00f3ztatt\u00e1k. <br \/><strong>Irod.:<\/strong> Sz\u00e9kelyf\u00f6ld \u00ed. k.<\/br><\/p>\n","protected":false},"excerpt":{"rendered":"<p>Cs\u00f3kfalva, 1864., \u2020\u00a0?: gazd\u00e1lkod\u00f3. \u2013 Iskol\u00e1i elv\u00e9gz\u00e9se ut\u00e1n katona volt a 2. husz\u00e1rezredben \u00e9s mint szakaszvezet\u0151 l\u00e9pett \u00e1t a rend\u0151rs\u00e9ghez, ahol \u00e9vekig Bp.-en szolg\u00e1lt \u00e9s mint f\u0151ellen\u0151r vonult nyugalomba, ezut\u00e1n sz\u0151l\u0151faluj\u00e1ban gazd\u00e1lkodott. Megyeb\u00edr\u00f3, az unit. egyh\u00e1z presbitere, tekint\u00e9lyes polg\u00e1ra volt a k\u00f6zs\u00e9gnek. Mint k\u00e9met letart\u00f3ztatt\u00e1k. Irod.: Sz\u00e9kelyf\u00f6ld \u00ed. k.<\/p>\n","protected":false},"featured_media":0,"comment_status":"open","ping_status":"closed","template":"","meta":[],"product_brand":[],"product_cat":[137],"product_tag":[],"class_list":{"0":"post-9425","1":"product","2":"type-product","3":"status-publish","5":"product_cat-maros-megyei-eletrajzi-lexikon","7":"first","8":"instock","9":"shipping-taxable","10":"product-type-simple"},"_links":{"self":[{"href":"https:\/\/uj.adatbank.ro\/lexikon\/wp-json\/wp\/v2\/product\/9425","targetHints":{"allow":["GET"]}}],"collection":[{"href":"https:\/\/uj.adatbank.ro\/lexikon\/wp-json\/wp\/v2\/product"}],"about":[{"href":"https:\/\/uj.adatbank.ro\/lexikon\/wp-json\/wp\/v2\/types\/product"}],"replies":[{"embeddable":true,"href":"https:\/\/uj.adatbank.ro\/lexikon\/wp-json\/wp\/v2\/comments?post=9425"}],"wp:attachment":[{"href":"https:\/\/uj.adatbank.ro\/lexikon\/wp-json\/wp\/v2\/media?parent=9425"}],"wp:term":[{"taxonomy":"product_brand","embeddable":true,"href":"https:\/\/uj.adatbank.ro\/lexikon\/wp-json\/wp\/v2\/product_brand?post=9425"},{"taxonomy":"product_cat","embeddable":true,"href":"https:\/\/uj.adatbank.ro\/lexikon\/wp-json\/wp\/v2\/product_cat?post=9425"},{"taxonomy":"product_tag","embeddable":true,"href":"https:\/\/uj.adatbank.ro\/lexikon\/wp-json\/wp\/v2\/product_tag?post=9425"}],"curies":[{"name":"wp","href":"https:\/\/api.w.org\/{rel}","templated":true}]}}