{"id":9429,"date":"2025-06-29T12:44:05","date_gmt":"2025-06-29T10:44:05","guid":{"rendered":"https:\/\/uj.adatbank.ro\/lexikon\/termek\/hadnagy-ferenc-2\/"},"modified":"2025-06-29T12:44:05","modified_gmt":"2025-06-29T10:44:05","slug":"hadnagy-ferenc-2","status":"publish","type":"product","link":"https:\/\/uj.adatbank.ro\/lexikon\/termek\/hadnagy-ferenc-2\/","title":{"rendered":"HADNAGY Ferenc"},"content":{"rendered":"<p>S\u00e1romberke, 1925. aug. 21., \u2020\u00a0?: gazd\u00e1lkod\u00f3. \u2013 Letart\u00f3ztatt\u00e1k (1959. szept. 8.) \u00e9s a mez\u0151gazdas\u00e1gi t\u00e1rsul\u00e1s elleni s\u00e1romberki megmozdul\u00e1sban val\u00f3 r\u00e9szv\u00e9tel v\u00e1dj\u00e1val \u00e1ll\u00edtott\u00e1k b\u00edr\u00f3s\u00e1g el\u00e9. A kv.-i Katonai B\u00edr\u00f3s\u00e1g 2 \u00e9vre \u00edt\u00e9lte. A d\u00e9vai b\u00f6rt\u00f6nbe ker\u00fclt, onnan szabadult 1960-ban. <br \/><strong>Irod.:<\/strong> 1956 Erd\u00e9lyben<\/br><\/p>\n","protected":false},"excerpt":{"rendered":"<p>S\u00e1romberke, 1925. aug. 21., \u2020\u00a0?: gazd\u00e1lkod\u00f3. \u2013 Letart\u00f3ztatt\u00e1k (1959. szept. 8.) \u00e9s a mez\u0151gazdas\u00e1gi t\u00e1rsul\u00e1s elleni s\u00e1romberki megmozdul\u00e1sban val\u00f3 r\u00e9szv\u00e9tel v\u00e1dj\u00e1val \u00e1ll\u00edtott\u00e1k b\u00edr\u00f3s\u00e1g el\u00e9. A kv.-i Katonai B\u00edr\u00f3s\u00e1g 2 \u00e9vre \u00edt\u00e9lte. A d\u00e9vai b\u00f6rt\u00f6nbe ker\u00fclt, onnan szabadult 1960-ban. Irod.: 1956 Erd\u00e9lyben<\/p>\n","protected":false},"featured_media":0,"comment_status":"open","ping_status":"closed","template":"","meta":[],"product_brand":[],"product_cat":[137],"product_tag":[],"class_list":{"0":"post-9429","1":"product","2":"type-product","3":"status-publish","5":"product_cat-maros-megyei-eletrajzi-lexikon","7":"first","8":"instock","9":"shipping-taxable","10":"product-type-simple"},"_links":{"self":[{"href":"https:\/\/uj.adatbank.ro\/lexikon\/wp-json\/wp\/v2\/product\/9429","targetHints":{"allow":["GET"]}}],"collection":[{"href":"https:\/\/uj.adatbank.ro\/lexikon\/wp-json\/wp\/v2\/product"}],"about":[{"href":"https:\/\/uj.adatbank.ro\/lexikon\/wp-json\/wp\/v2\/types\/product"}],"replies":[{"embeddable":true,"href":"https:\/\/uj.adatbank.ro\/lexikon\/wp-json\/wp\/v2\/comments?post=9429"}],"wp:attachment":[{"href":"https:\/\/uj.adatbank.ro\/lexikon\/wp-json\/wp\/v2\/media?parent=9429"}],"wp:term":[{"taxonomy":"product_brand","embeddable":true,"href":"https:\/\/uj.adatbank.ro\/lexikon\/wp-json\/wp\/v2\/product_brand?post=9429"},{"taxonomy":"product_cat","embeddable":true,"href":"https:\/\/uj.adatbank.ro\/lexikon\/wp-json\/wp\/v2\/product_cat?post=9429"},{"taxonomy":"product_tag","embeddable":true,"href":"https:\/\/uj.adatbank.ro\/lexikon\/wp-json\/wp\/v2\/product_tag?post=9429"}],"curies":[{"name":"wp","href":"https:\/\/api.w.org\/{rel}","templated":true}]}}