{"id":9435,"date":"2025-06-29T12:44:18","date_gmt":"2025-06-29T10:44:18","guid":{"rendered":"https:\/\/uj.adatbank.ro\/lexikon\/termek\/hadnagy-pal\/"},"modified":"2025-06-29T12:44:18","modified_gmt":"2025-06-29T10:44:18","slug":"hadnagy-pal","status":"publish","type":"product","link":"https:\/\/uj.adatbank.ro\/lexikon\/termek\/hadnagy-pal\/","title":{"rendered":"HADNAGY P\u00e1l"},"content":{"rendered":"<p>S\u00f3v\u00e1rad, ? \u2020 ? : unit. lelk\u00e9sz. \u2013 Ny\u00e1r\u00e1dg\u00e1lfalv\u00e1n szolg\u00e1lt (1854\u201380). Szolg\u00e1lata ideje alatt megjav\u00edtott\u00e1k a 100 \u00e9vvel azel\u0151tt \u00e9p\u00edtett rossz \u00e1llapotban lev\u0151 unit. templomot, cser\u00e9ppel fedt\u00e9k le, \u00e9s v\u00e1lyogfal\u00fa papi lakot \u00e9p\u00edtettek (1874). <br \/><strong>Irod.:<\/strong> Ny\u00e1r\u00e1dg\u00e1lfalva<\/br><\/p>\n","protected":false},"excerpt":{"rendered":"<p>S\u00f3v\u00e1rad, ? \u2020 ? : unit. lelk\u00e9sz. \u2013 Ny\u00e1r\u00e1dg\u00e1lfalv\u00e1n szolg\u00e1lt (1854\u201380). Szolg\u00e1lata ideje alatt megjav\u00edtott\u00e1k a 100 \u00e9vvel azel\u0151tt \u00e9p\u00edtett rossz \u00e1llapotban lev\u0151 unit. templomot, cser\u00e9ppel fedt\u00e9k le, \u00e9s v\u00e1lyogfal\u00fa papi lakot \u00e9p\u00edtettek (1874). Irod.: Ny\u00e1r\u00e1dg\u00e1lfalva<\/p>\n","protected":false},"featured_media":0,"comment_status":"open","ping_status":"closed","template":"","meta":[],"product_brand":[],"product_cat":[137],"product_tag":[],"class_list":{"0":"post-9435","1":"product","2":"type-product","3":"status-publish","5":"product_cat-maros-megyei-eletrajzi-lexikon","7":"first","8":"instock","9":"shipping-taxable","10":"product-type-simple"},"_links":{"self":[{"href":"https:\/\/uj.adatbank.ro\/lexikon\/wp-json\/wp\/v2\/product\/9435","targetHints":{"allow":["GET"]}}],"collection":[{"href":"https:\/\/uj.adatbank.ro\/lexikon\/wp-json\/wp\/v2\/product"}],"about":[{"href":"https:\/\/uj.adatbank.ro\/lexikon\/wp-json\/wp\/v2\/types\/product"}],"replies":[{"embeddable":true,"href":"https:\/\/uj.adatbank.ro\/lexikon\/wp-json\/wp\/v2\/comments?post=9435"}],"wp:attachment":[{"href":"https:\/\/uj.adatbank.ro\/lexikon\/wp-json\/wp\/v2\/media?parent=9435"}],"wp:term":[{"taxonomy":"product_brand","embeddable":true,"href":"https:\/\/uj.adatbank.ro\/lexikon\/wp-json\/wp\/v2\/product_brand?post=9435"},{"taxonomy":"product_cat","embeddable":true,"href":"https:\/\/uj.adatbank.ro\/lexikon\/wp-json\/wp\/v2\/product_cat?post=9435"},{"taxonomy":"product_tag","embeddable":true,"href":"https:\/\/uj.adatbank.ro\/lexikon\/wp-json\/wp\/v2\/product_tag?post=9435"}],"curies":[{"name":"wp","href":"https:\/\/api.w.org\/{rel}","templated":true}]}}