{"id":9437,"date":"2025-06-29T12:44:23","date_gmt":"2025-06-29T10:44:23","guid":{"rendered":"https:\/\/uj.adatbank.ro\/lexikon\/termek\/hadviger-albert\/"},"modified":"2025-06-29T12:44:23","modified_gmt":"2025-06-29T10:44:23","slug":"hadviger-albert","status":"publish","type":"product","link":"https:\/\/uj.adatbank.ro\/lexikon\/termek\/hadviger-albert\/","title":{"rendered":"HADVIGER Albert"},"content":{"rendered":"<p>Gyulatelke, 1853., \u2020 Bp., 1922\/27 k\u00f6z\u00f6tt: olkleveles gazda, szak\u00edr\u00f3. \u2013 A Monostori Mez\u0151gazdas\u00e1gi Akad. asszisztense (1873\u201374); uradalmi tiszttart\u00f3 K\u00fck\u00fcll\u0151v\u00e1rt (1896); b\u00e9rl\u0151 Kerel\u0151szentp\u00e1lon (1897\u20131910); Bp.-re k\u00f6lt\u00f6z\u00f6tt (1910) \u2013 <strong>F. m.:<\/strong> A nevezetesebb takarm\u00e1nyf\u00e9l\u00e9k teny\u00e9szt\u00e9s\u00e9r\u0151l (Dics\u0151szentm\u00e1rton, 1899); Tan\u00e1csad\u00f3 fiatal gazd\u00e1knak (Kv., 1907). <br \/><strong>Irod.:<\/strong> Guly\u00e1s; Petrik<\/br><\/p>\n","protected":false},"excerpt":{"rendered":"<p>Gyulatelke, 1853., \u2020 Bp., 1922\/27 k\u00f6z\u00f6tt: olkleveles gazda, szak\u00edr\u00f3. \u2013 A Monostori Mez\u0151gazdas\u00e1gi Akad. asszisztense (1873\u201374); uradalmi tiszttart\u00f3 K\u00fck\u00fcll\u0151v\u00e1rt (1896); b\u00e9rl\u0151 Kerel\u0151szentp\u00e1lon (1897\u20131910); Bp.-re k\u00f6lt\u00f6z\u00f6tt (1910) \u2013 F. m.: A nevezetesebb takarm\u00e1nyf\u00e9l\u00e9k teny\u00e9szt\u00e9s\u00e9r\u0151l (Dics\u0151szentm\u00e1rton, 1899); Tan\u00e1csad\u00f3 fiatal gazd\u00e1knak (Kv., 1907). Irod.: Guly\u00e1s; Petrik<\/p>\n","protected":false},"featured_media":0,"comment_status":"open","ping_status":"closed","template":"","meta":[],"product_brand":[],"product_cat":[137],"product_tag":[],"class_list":{"0":"post-9437","1":"product","2":"type-product","3":"status-publish","5":"product_cat-maros-megyei-eletrajzi-lexikon","7":"first","8":"instock","9":"shipping-taxable","10":"product-type-simple"},"_links":{"self":[{"href":"https:\/\/uj.adatbank.ro\/lexikon\/wp-json\/wp\/v2\/product\/9437","targetHints":{"allow":["GET"]}}],"collection":[{"href":"https:\/\/uj.adatbank.ro\/lexikon\/wp-json\/wp\/v2\/product"}],"about":[{"href":"https:\/\/uj.adatbank.ro\/lexikon\/wp-json\/wp\/v2\/types\/product"}],"replies":[{"embeddable":true,"href":"https:\/\/uj.adatbank.ro\/lexikon\/wp-json\/wp\/v2\/comments?post=9437"}],"wp:attachment":[{"href":"https:\/\/uj.adatbank.ro\/lexikon\/wp-json\/wp\/v2\/media?parent=9437"}],"wp:term":[{"taxonomy":"product_brand","embeddable":true,"href":"https:\/\/uj.adatbank.ro\/lexikon\/wp-json\/wp\/v2\/product_brand?post=9437"},{"taxonomy":"product_cat","embeddable":true,"href":"https:\/\/uj.adatbank.ro\/lexikon\/wp-json\/wp\/v2\/product_cat?post=9437"},{"taxonomy":"product_tag","embeddable":true,"href":"https:\/\/uj.adatbank.ro\/lexikon\/wp-json\/wp\/v2\/product_tag?post=9437"}],"curies":[{"name":"wp","href":"https:\/\/api.w.org\/{rel}","templated":true}]}}