{"id":9440,"date":"2025-06-29T12:44:31","date_gmt":"2025-06-29T10:44:31","guid":{"rendered":"https:\/\/uj.adatbank.ro\/lexikon\/termek\/hagymassy-kristof-beregszoi-hagymasi-kristof\/"},"modified":"2025-06-29T12:44:31","modified_gmt":"2025-06-29T10:44:31","slug":"hagymassy-kristof-beregszoi-hagymasi-kristof","status":"publish","type":"product","link":"https:\/\/uj.adatbank.ro\/lexikon\/termek\/hagymassy-kristof-beregszoi-hagymasi-kristof\/","title":{"rendered":"HAGYM\u00c1SSY Krist\u00f3f, beregsz\u00f3i, Hagym\u00e1si Krist\u00f3f"},"content":{"rendered":"<p>1510?, \u2020 1577: tan\u00e1cs\u00far. \u2013 B\u00e1thori Istv\u00e1n s\u00f3gora. \u2013 Jelent\u0151s k\u00f6lts\u00e9gekkel seg\u00edtette B\u00e1thori Istv\u00e1nt a lengyel tr\u00f3n elfoglal\u00e1sakor. A k\u00f6lcs\u00f6n\u00e9rt nem k\u00e9rt z\u00e1logot, csak hal\u00e1la ut\u00e1n k\u00e1rpot\u00f3lt\u00e1k a fi\u00e1t, aki az ad\u00f3s\u00e1g fej\u00e9ben G\u00f6rg\u00e9ny v\u00e1r\u00e1t \u00e9s uradalm\u00e1t kapta z\u00e1logba (1576\u201380). <br \/><strong>Irod.:<\/strong> Id\u0151t\u00e1r 5 \/1.; Jakab; Kelemen; Kelemen Lajos 2009<\/br><\/p>\n","protected":false},"excerpt":{"rendered":"<p>1510?, \u2020 1577: tan\u00e1cs\u00far. \u2013 B\u00e1thori Istv\u00e1n s\u00f3gora. \u2013 Jelent\u0151s k\u00f6lts\u00e9gekkel seg\u00edtette B\u00e1thori Istv\u00e1nt a lengyel tr\u00f3n elfoglal\u00e1sakor. A k\u00f6lcs\u00f6n\u00e9rt nem k\u00e9rt z\u00e1logot, csak hal\u00e1la ut\u00e1n k\u00e1rpot\u00f3lt\u00e1k a fi\u00e1t, aki az ad\u00f3s\u00e1g fej\u00e9ben G\u00f6rg\u00e9ny v\u00e1r\u00e1t \u00e9s uradalm\u00e1t kapta z\u00e1logba (1576\u201380). Irod.: Id\u0151t\u00e1r 5 \/1.; Jakab; Kelemen; Kelemen Lajos 2009<\/p>\n","protected":false},"featured_media":0,"comment_status":"open","ping_status":"closed","template":"","meta":[],"product_brand":[],"product_cat":[137],"product_tag":[],"class_list":{"0":"post-9440","1":"product","2":"type-product","3":"status-publish","5":"product_cat-maros-megyei-eletrajzi-lexikon","7":"first","8":"instock","9":"shipping-taxable","10":"product-type-simple"},"_links":{"self":[{"href":"https:\/\/uj.adatbank.ro\/lexikon\/wp-json\/wp\/v2\/product\/9440","targetHints":{"allow":["GET"]}}],"collection":[{"href":"https:\/\/uj.adatbank.ro\/lexikon\/wp-json\/wp\/v2\/product"}],"about":[{"href":"https:\/\/uj.adatbank.ro\/lexikon\/wp-json\/wp\/v2\/types\/product"}],"replies":[{"embeddable":true,"href":"https:\/\/uj.adatbank.ro\/lexikon\/wp-json\/wp\/v2\/comments?post=9440"}],"wp:attachment":[{"href":"https:\/\/uj.adatbank.ro\/lexikon\/wp-json\/wp\/v2\/media?parent=9440"}],"wp:term":[{"taxonomy":"product_brand","embeddable":true,"href":"https:\/\/uj.adatbank.ro\/lexikon\/wp-json\/wp\/v2\/product_brand?post=9440"},{"taxonomy":"product_cat","embeddable":true,"href":"https:\/\/uj.adatbank.ro\/lexikon\/wp-json\/wp\/v2\/product_cat?post=9440"},{"taxonomy":"product_tag","embeddable":true,"href":"https:\/\/uj.adatbank.ro\/lexikon\/wp-json\/wp\/v2\/product_tag?post=9440"}],"curies":[{"name":"wp","href":"https:\/\/api.w.org\/{rel}","templated":true}]}}