{"id":9442,"date":"2025-06-29T12:44:37","date_gmt":"2025-06-29T10:44:37","guid":{"rendered":"https:\/\/uj.adatbank.ro\/lexikon\/termek\/haim-laszlo\/"},"modified":"2025-06-29T12:44:37","modified_gmt":"2025-06-29T10:44:37","slug":"haim-laszlo","status":"publish","type":"product","link":"https:\/\/uj.adatbank.ro\/lexikon\/termek\/haim-laszlo\/","title":{"rendered":"HAIM L\u00e1szl\u00f3"},"content":{"rendered":"<p>Gyergy\u00f3t\u00f6lgyes, 1908., \u2020\u00a0Mv., 1986. dec. 10.: orvos. \u2013 Mv.-en a Ref. Koll.-ban v\u00e9gezte k\u00f6z\u00e9piskolai tanulm\u00e1nyait. Gy\u00e1szjelent\u00e9s\u00e9t k\u00f6z\u00f6lte a V\u00f6r\u00f6s Z\u00e1szl\u00f3, 1986. dec. 12. <br \/><strong>Irod.:<\/strong> Kiss Cs. M. 3.<\/br><\/p>\n","protected":false},"excerpt":{"rendered":"<p>Gyergy\u00f3t\u00f6lgyes, 1908., \u2020\u00a0Mv., 1986. dec. 10.: orvos. \u2013 Mv.-en a Ref. Koll.-ban v\u00e9gezte k\u00f6z\u00e9piskolai tanulm\u00e1nyait. Gy\u00e1szjelent\u00e9s\u00e9t k\u00f6z\u00f6lte a V\u00f6r\u00f6s Z\u00e1szl\u00f3, 1986. dec. 12. Irod.: Kiss Cs. M. 3.<\/p>\n","protected":false},"featured_media":0,"comment_status":"open","ping_status":"closed","template":"","meta":[],"product_brand":[],"product_cat":[137],"product_tag":[],"class_list":{"0":"post-9442","1":"product","2":"type-product","3":"status-publish","5":"product_cat-maros-megyei-eletrajzi-lexikon","7":"first","8":"instock","9":"shipping-taxable","10":"product-type-simple"},"_links":{"self":[{"href":"https:\/\/uj.adatbank.ro\/lexikon\/wp-json\/wp\/v2\/product\/9442","targetHints":{"allow":["GET"]}}],"collection":[{"href":"https:\/\/uj.adatbank.ro\/lexikon\/wp-json\/wp\/v2\/product"}],"about":[{"href":"https:\/\/uj.adatbank.ro\/lexikon\/wp-json\/wp\/v2\/types\/product"}],"replies":[{"embeddable":true,"href":"https:\/\/uj.adatbank.ro\/lexikon\/wp-json\/wp\/v2\/comments?post=9442"}],"wp:attachment":[{"href":"https:\/\/uj.adatbank.ro\/lexikon\/wp-json\/wp\/v2\/media?parent=9442"}],"wp:term":[{"taxonomy":"product_brand","embeddable":true,"href":"https:\/\/uj.adatbank.ro\/lexikon\/wp-json\/wp\/v2\/product_brand?post=9442"},{"taxonomy":"product_cat","embeddable":true,"href":"https:\/\/uj.adatbank.ro\/lexikon\/wp-json\/wp\/v2\/product_cat?post=9442"},{"taxonomy":"product_tag","embeddable":true,"href":"https:\/\/uj.adatbank.ro\/lexikon\/wp-json\/wp\/v2\/product_tag?post=9442"}],"curies":[{"name":"wp","href":"https:\/\/api.w.org\/{rel}","templated":true}]}}